{"id":85260,"date":"2015-01-04T17:18:08","date_gmt":"2015-01-04T16:18:08","guid":{"rendered":"https:\/\/unreal-visual.com\/projects\/"},"modified":"2025-06-21T12:58:18","modified_gmt":"2025-06-21T10:58:18","slug":"projects","status":"publish","type":"page","link":"https:\/\/unreal-visual.com\/en\/projects\/","title":{"rendered":"Projects"},"content":{"rendered":"<div class=\"wpb-content-wrapper\"><p>[vc_row][vc_column width=&#8221;1\/1&#8243;][vc_empty_space empty_h=&#8221;2&#8243;][vc_empty_space empty_h=&#8221;2&#8243;][\/vc_column][\/vc_row][vc_row unlock_row_content=&#8221;yes&#8221; row_height_percent=&#8221;0&#8243; override_padding=&#8221;yes&#8221; h_padding=&#8221;3&#8243; top_padding=&#8221;3&#8243; bottom_padding=&#8221;3&#8243; back_color=&#8221;color-wayh&#8221; overlay_alpha=&#8221;50&#8243; gutter_size=&#8221;2&#8243; column_width_percent=&#8221;100&#8243; shift_y=&#8221;0&#8243; z_index=&#8221;0&#8243;][vc_column column_width_percent=&#8221;100&#8243; gutter_size=&#8221;4&#8243; style=&#8221;light&#8221; overlay_alpha=&#8221;50&#8243; shift_x=&#8221;0&#8243; shift_y=&#8221;0&#8243; shift_y_down=&#8221;0&#8243; z_index=&#8221;0&#8243; medium_width=&#8221;0&#8243; mobile_width=&#8221;0&#8243; width=&#8221;1\/1&#8243;][uncode_index el_id=&#8221;index-814808386&#8243; isotope_mode=&#8221;fitRows&#8221; loop=&#8221;size:30|order_by:date|post_type:portfolio|taxonomy_count:10&#8243; screen_lg=&#8221;1300&#8243; screen_md=&#8221;600&#8243; screen_sm=&#8221;480&#8243; filtering=&#8221;yes&#8221; filter_style=&#8221;dark&#8221; filtering_uppercase=&#8221;yes&#8221; filtering_full_width=&#8221;yes&#8221; filtering_position=&#8221;center&#8221; filter_mobile=&#8221;yes&#8221; gutter_size=&#8221;2&#8243; post_items=&#8221;media|featured|onpost|poster,date,title,text|excerpt|90,category|bordered|topright|hide-icon&#8221; portfolio_items=&#8221;media|featured|onpost|original,title,text|excerpt&#8221; single_text=&#8221;overlay&#8221; images_size=&#8221;four-three&#8221; single_overlay_color=&#8221;color-wayh&#8221; single_overlay_opacity=&#8221;50&#8243; single_image_anim=&#8221;no&#8221; single_h_align=&#8221;center&#8221; single_padding=&#8221;2&#8243; single_title_dimension=&#8221;h5&#8243; single_shadow=&#8221;yes&#8221; shadow_weight=&#8221;lg&#8221; shadow_darker=&#8221;yes&#8221; single_border=&#8221;yes&#8221; single_css_animation=&#8221;bottom-t-top&#8221; single_animation_delay=&#8221;200&#8243; no_double_tap=&#8221;yes&#8221; uncode_shortcode_id=&#8221;185582&#8243;][\/vc_column][\/vc_row][vc_row row_height_percent=&#8221;0&#8243; back_color=&#8221;color-wayh&#8221; overlay_alpha=&#8221;50&#8243; gutter_size=&#8221;3&#8243; column_width_percent=&#8221;100&#8243; shift_y=&#8221;0&#8243; z_index=&#8221;0&#8243; uncode_shortcode_id=&#8221;856422&#8243; back_color_type=&#8221;uncode-palette&#8221;][vc_column width=&#8221;1\/1&#8243;][vc_empty_space empty_h=&#8221;2&#8243;][\/vc_column][\/vc_row]<\/p>\n<\/div>","protected":false},"excerpt":{"rendered":"<p>[vc_row][vc_column width=&#8221;1\/1&#8243;][vc_empty_space empty_h=&#8221;2&#8243;][vc_empty_space empty_h=&#8221;2&#8243;][\/vc_column][\/vc_row][vc_row unlock_row_content=&#8221;yes&#8221; row_height_percent=&#8221;0&#8243; override_padding=&#8221;yes&#8221; h_padding=&#8221;3&#8243; top_padding=&#8221;3&#8243; bottom_padding=&#8221;3&#8243; back_color=&#8221;color-wayh&#8221; overlay_alpha=&#8221;50&#8243; gutter_size=&#8221;2&#8243; column_width_percent=&#8221;100&#8243; shift_y=&#8221;0&#8243; z_index=&#8221;0&#8243;][vc_column column_width_percent=&#8221;100&#8243; gutter_size=&#8221;4&#8243; style=&#8221;light&#8221; overlay_alpha=&#8221;50&#8243; [&hellip;]<\/p>\n","protected":false},"author":1,"featured_media":83118,"parent":0,"menu_order":0,"comment_status":"closed","ping_status":"closed","template":"","meta":{"footnotes":""},"class_list":["post-85260","page","type-page","status-publish","has-post-thumbnail","hentry"],"yoast_head":"<!-- This site is optimized with the Yoast SEO Premium plugin v22.9 (Yoast SEO v27.4) - https:\/\/yoast.com\/product\/yoast-seo-premium-wordpress\/ -->\n<title>Projects | Unreal Visual: Video Production Company | Prague, Czechia<\/title>\n<meta name=\"description\" content=\"Take a look at the Unreal Visual video production projects we have created for brands like L&#039;Or\u00e9al, Vodafone, Komer\u010dn\u00ed banka, \u010cEZ, or PlayStation.\" \/>\n<meta name=\"robots\" content=\"index, follow, max-snippet:-1, max-image-preview:large, max-video-preview:-1\" \/>\n<link rel=\"canonical\" href=\"https:\/\/unreal-visual.com\/en\/projects\/\" \/>\n<meta property=\"og:locale\" content=\"en_US\" \/>\n<meta property=\"og:type\" content=\"article\" \/>\n<meta property=\"og:title\" content=\"Projects | Unreal Visual: Video Production Company | Prague, Czechia\" \/>\n<meta property=\"og:description\" content=\"Take a look at the Unreal Visual video production projects we have created for brands like L&#039;Or\u00e9al, Vodafone, Komer\u010dn\u00ed banka, \u010cEZ, or PlayStation.\" \/>\n<meta property=\"og:url\" content=\"https:\/\/unreal-visual.com\/en\/projects\/\" \/>\n<meta property=\"og:site_name\" content=\"Unreal Visual\" \/>\n<meta property=\"article:publisher\" content=\"https:\/\/www.facebook.com\/unrealvisual\/\" \/>\n<meta property=\"article:modified_time\" content=\"2025-06-21T10:58:18+00:00\" \/>\n<meta property=\"og:image\" content=\"https:\/\/unreal-visual.com\/wp-content\/uploads\/2019\/07\/LS_BTS_6-min-scaled.jpg\" \/>\n<meta name=\"twitter:card\" content=\"summary_large_image\" \/>\n<meta name=\"twitter:title\" content=\"Projects | Unreal Visual: Video Production Company | Prague, Czechia\" \/>\n<meta name=\"twitter:description\" content=\"Watch our last projects for brands such as BILLA, \u0160koda, Zetor, Audi, Ostravar which we created. Czech Tourism and many more.\" \/>\n<meta name=\"twitter:image\" content=\"https:\/\/unreal-visual.com\/wp-content\/uploads\/2019\/07\/LS_BTS_6-min-scaled.jpg\" \/>\n<meta name=\"twitter:label1\" content=\"Est. reading time\" \/>\n\t<meta name=\"twitter:data1\" content=\"1 minute\" \/>\n<script type=\"application\/ld+json\" class=\"yoast-schema-graph\">{\"@context\":\"https:\\\/\\\/schema.org\",\"@graph\":[{\"@type\":\"WebPage\",\"@id\":\"https:\\\/\\\/unreal-visual.com\\\/en\\\/projects\\\/\",\"url\":\"https:\\\/\\\/unreal-visual.com\\\/en\\\/projects\\\/\",\"name\":\"Projects | Unreal Visual: Video Production Company | Prague, Czechia\",\"isPartOf\":{\"@id\":\"https:\\\/\\\/unreal-visual.com\\\/en\\\/#website\"},\"primaryImageOfPage\":{\"@id\":\"https:\\\/\\\/unreal-visual.com\\\/en\\\/projects\\\/#primaryimage\"},\"image\":{\"@id\":\"https:\\\/\\\/unreal-visual.com\\\/en\\\/projects\\\/#primaryimage\"},\"thumbnailUrl\":\"https:\\\/\\\/unreal-visual.com\\\/wp-content\\\/uploads\\\/2019\\\/07\\\/LS_BTS_6-min-scaled.jpg\",\"datePublished\":\"2015-01-04T16:18:08+00:00\",\"dateModified\":\"2025-06-21T10:58:18+00:00\",\"description\":\"Take a look at the Unreal Visual video production projects we have created for brands like L'Or\u00e9al, Vodafone, Komer\u010dn\u00ed banka, \u010cEZ, or PlayStation.\",\"breadcrumb\":{\"@id\":\"https:\\\/\\\/unreal-visual.com\\\/en\\\/projects\\\/#breadcrumb\"},\"inLanguage\":\"en-US\",\"potentialAction\":[{\"@type\":\"ReadAction\",\"target\":[\"https:\\\/\\\/unreal-visual.com\\\/en\\\/projects\\\/\"]}]},{\"@type\":\"ImageObject\",\"inLanguage\":\"en-US\",\"@id\":\"https:\\\/\\\/unreal-visual.com\\\/en\\\/projects\\\/#primaryimage\",\"url\":\"https:\\\/\\\/unreal-visual.com\\\/wp-content\\\/uploads\\\/2019\\\/07\\\/LS_BTS_6-min-scaled.jpg\",\"contentUrl\":\"https:\\\/\\\/unreal-visual.com\\\/wp-content\\\/uploads\\\/2019\\\/07\\\/LS_BTS_6-min-scaled.jpg\",\"width\":2048,\"height\":1366},{\"@type\":\"BreadcrumbList\",\"@id\":\"https:\\\/\\\/unreal-visual.com\\\/en\\\/projects\\\/#breadcrumb\",\"itemListElement\":[{\"@type\":\"ListItem\",\"position\":1,\"name\":\"Dom\u016f\",\"item\":\"https:\\\/\\\/unreal-visual.com\\\/en\\\/home\\\/\"},{\"@type\":\"ListItem\",\"position\":2,\"name\":\"Projects\"}]},{\"@type\":\"WebSite\",\"@id\":\"https:\\\/\\\/unreal-visual.com\\\/en\\\/#website\",\"url\":\"https:\\\/\\\/unreal-visual.com\\\/en\\\/\",\"name\":\"Unreal Visual: Videoprodukce | Praha, \u010cesko\",\"description\":\"Videoprodukce\",\"publisher\":{\"@id\":\"https:\\\/\\\/unreal-visual.com\\\/en\\\/#organization\"},\"alternateName\":\"Unreal Visual. Videoproduction\",\"potentialAction\":[{\"@type\":\"SearchAction\",\"target\":{\"@type\":\"EntryPoint\",\"urlTemplate\":\"https:\\\/\\\/unreal-visual.com\\\/en\\\/?s={search_term_string}\"},\"query-input\":{\"@type\":\"PropertyValueSpecification\",\"valueRequired\":true,\"valueName\":\"search_term_string\"}}],\"inLanguage\":\"en-US\"},{\"@type\":\"Organization\",\"@id\":\"https:\\\/\\\/unreal-visual.com\\\/en\\\/#organization\",\"name\":\"Unreal Visual\",\"url\":\"https:\\\/\\\/unreal-visual.com\\\/en\\\/\",\"logo\":{\"@type\":\"ImageObject\",\"inLanguage\":\"en-US\",\"@id\":\"https:\\\/\\\/unreal-visual.com\\\/en\\\/#\\\/schema\\\/logo\\\/image\\\/\",\"url\":\"https:\\\/\\\/unreal-visual.com\\\/wp-content\\\/uploads\\\/2023\\\/12\\\/UNREAL_03.jpg\",\"contentUrl\":\"https:\\\/\\\/unreal-visual.com\\\/wp-content\\\/uploads\\\/2023\\\/12\\\/UNREAL_03.jpg\",\"width\":1000,\"height\":1000,\"caption\":\"Unreal Visual\"},\"image\":{\"@id\":\"https:\\\/\\\/unreal-visual.com\\\/en\\\/#\\\/schema\\\/logo\\\/image\\\/\"},\"sameAs\":[\"https:\\\/\\\/www.facebook.com\\\/unrealvisual\\\/\",\"https:\\\/\\\/instagram.com\\\/unreal_visual\\\/\",\"https:\\\/\\\/www.linkedin.com\\\/company\\\/unreal-visual-s-r-o\"]}]}<\/script>\n<!-- \/ Yoast SEO Premium plugin. -->","yoast_head_json":{"title":"Projects | Unreal Visual: Video Production Company | Prague, Czechia","description":"Take a look at the Unreal Visual video production projects we have created for brands like L'Or\u00e9al, Vodafone, Komer\u010dn\u00ed banka, \u010cEZ, or PlayStation.","robots":{"index":"index","follow":"follow","max-snippet":"max-snippet:-1","max-image-preview":"max-image-preview:large","max-video-preview":"max-video-preview:-1"},"canonical":"https:\/\/unreal-visual.com\/en\/projects\/","og_locale":"en_US","og_type":"article","og_title":"Projects | Unreal Visual: Video Production Company | Prague, Czechia","og_description":"Take a look at the Unreal Visual video production projects we have created for brands like L'Or\u00e9al, Vodafone, Komer\u010dn\u00ed banka, \u010cEZ, or PlayStation.","og_url":"https:\/\/unreal-visual.com\/en\/projects\/","og_site_name":"Unreal Visual","article_publisher":"https:\/\/www.facebook.com\/unrealvisual\/","article_modified_time":"2025-06-21T10:58:18+00:00","og_image":[{"url":"https:\/\/unreal-visual.com\/wp-content\/uploads\/2019\/07\/LS_BTS_6-min-scaled.jpg","type":"","width":"","height":""}],"twitter_card":"summary_large_image","twitter_title":"Projects | Unreal Visual: Video Production Company | Prague, Czechia","twitter_description":"Watch our last projects for brands such as BILLA, \u0160koda, Zetor, Audi, Ostravar which we created. Czech Tourism and many more.","twitter_image":"https:\/\/unreal-visual.com\/wp-content\/uploads\/2019\/07\/LS_BTS_6-min-scaled.jpg","twitter_misc":{"Est. reading time":"1 minute"},"schema":{"@context":"https:\/\/schema.org","@graph":[{"@type":"WebPage","@id":"https:\/\/unreal-visual.com\/en\/projects\/","url":"https:\/\/unreal-visual.com\/en\/projects\/","name":"Projects | Unreal Visual: Video Production Company | Prague, Czechia","isPartOf":{"@id":"https:\/\/unreal-visual.com\/en\/#website"},"primaryImageOfPage":{"@id":"https:\/\/unreal-visual.com\/en\/projects\/#primaryimage"},"image":{"@id":"https:\/\/unreal-visual.com\/en\/projects\/#primaryimage"},"thumbnailUrl":"https:\/\/unreal-visual.com\/wp-content\/uploads\/2019\/07\/LS_BTS_6-min-scaled.jpg","datePublished":"2015-01-04T16:18:08+00:00","dateModified":"2025-06-21T10:58:18+00:00","description":"Take a look at the Unreal Visual video production projects we have created for brands like L'Or\u00e9al, Vodafone, Komer\u010dn\u00ed banka, \u010cEZ, or PlayStation.","breadcrumb":{"@id":"https:\/\/unreal-visual.com\/en\/projects\/#breadcrumb"},"inLanguage":"en-US","potentialAction":[{"@type":"ReadAction","target":["https:\/\/unreal-visual.com\/en\/projects\/"]}]},{"@type":"ImageObject","inLanguage":"en-US","@id":"https:\/\/unreal-visual.com\/en\/projects\/#primaryimage","url":"https:\/\/unreal-visual.com\/wp-content\/uploads\/2019\/07\/LS_BTS_6-min-scaled.jpg","contentUrl":"https:\/\/unreal-visual.com\/wp-content\/uploads\/2019\/07\/LS_BTS_6-min-scaled.jpg","width":2048,"height":1366},{"@type":"BreadcrumbList","@id":"https:\/\/unreal-visual.com\/en\/projects\/#breadcrumb","itemListElement":[{"@type":"ListItem","position":1,"name":"Dom\u016f","item":"https:\/\/unreal-visual.com\/en\/home\/"},{"@type":"ListItem","position":2,"name":"Projects"}]},{"@type":"WebSite","@id":"https:\/\/unreal-visual.com\/en\/#website","url":"https:\/\/unreal-visual.com\/en\/","name":"Unreal Visual: Videoprodukce | Praha, \u010cesko","description":"Videoprodukce","publisher":{"@id":"https:\/\/unreal-visual.com\/en\/#organization"},"alternateName":"Unreal Visual. Videoproduction","potentialAction":[{"@type":"SearchAction","target":{"@type":"EntryPoint","urlTemplate":"https:\/\/unreal-visual.com\/en\/?s={search_term_string}"},"query-input":{"@type":"PropertyValueSpecification","valueRequired":true,"valueName":"search_term_string"}}],"inLanguage":"en-US"},{"@type":"Organization","@id":"https:\/\/unreal-visual.com\/en\/#organization","name":"Unreal Visual","url":"https:\/\/unreal-visual.com\/en\/","logo":{"@type":"ImageObject","inLanguage":"en-US","@id":"https:\/\/unreal-visual.com\/en\/#\/schema\/logo\/image\/","url":"https:\/\/unreal-visual.com\/wp-content\/uploads\/2023\/12\/UNREAL_03.jpg","contentUrl":"https:\/\/unreal-visual.com\/wp-content\/uploads\/2023\/12\/UNREAL_03.jpg","width":1000,"height":1000,"caption":"Unreal Visual"},"image":{"@id":"https:\/\/unreal-visual.com\/en\/#\/schema\/logo\/image\/"},"sameAs":["https:\/\/www.facebook.com\/unrealvisual\/","https:\/\/instagram.com\/unreal_visual\/","https:\/\/www.linkedin.com\/company\/unreal-visual-s-r-o"]}]}},"_links":{"self":[{"href":"https:\/\/unreal-visual.com\/en\/wp-json\/wp\/v2\/pages\/85260","targetHints":{"allow":["GET"]}}],"collection":[{"href":"https:\/\/unreal-visual.com\/en\/wp-json\/wp\/v2\/pages"}],"about":[{"href":"https:\/\/unreal-visual.com\/en\/wp-json\/wp\/v2\/types\/page"}],"author":[{"embeddable":true,"href":"https:\/\/unreal-visual.com\/en\/wp-json\/wp\/v2\/users\/1"}],"replies":[{"embeddable":true,"href":"https:\/\/unreal-visual.com\/en\/wp-json\/wp\/v2\/comments?post=85260"}],"version-history":[{"count":12,"href":"https:\/\/unreal-visual.com\/en\/wp-json\/wp\/v2\/pages\/85260\/revisions"}],"predecessor-version":[{"id":132020,"href":"https:\/\/unreal-visual.com\/en\/wp-json\/wp\/v2\/pages\/85260\/revisions\/132020"}],"wp:featuredmedia":[{"embeddable":true,"href":"https:\/\/unreal-visual.com\/en\/wp-json\/wp\/v2\/media\/83118"}],"wp:attachment":[{"href":"https:\/\/unreal-visual.com\/en\/wp-json\/wp\/v2\/media?parent=85260"}],"curies":[{"name":"wp","href":"https:\/\/api.w.org\/{rel}","templated":true}]}}