{"id":85253,"date":"2017-03-31T15:33:25","date_gmt":"2017-03-31T13:33:25","guid":{"rendered":"https:\/\/unreal-visual.com\/directors\/"},"modified":"2025-06-30T13:23:17","modified_gmt":"2025-06-30T11:23:17","slug":"directors","status":"publish","type":"page","link":"https:\/\/unreal-visual.com\/en\/directors\/","title":{"rendered":"Directors"},"content":{"rendered":"<div class=\"wpb-content-wrapper\"><p>[vc_row row_height_percent=&#8221;38&#8243; override_padding=&#8221;yes&#8221; h_padding=&#8221;2&#8243; top_padding=&#8221;5&#8243; bottom_padding=&#8221;2&#8243; back_color=&#8221;color-wayh&#8221; back_image=&#8221;84448&#8243; overlay_alpha=&#8221;80&#8243; equal_height=&#8221;yes&#8221; gutter_size=&#8221;0&#8243; column_width_use_pixel=&#8221;yes&#8221; shift_y=&#8221;0&#8243; z_index=&#8221;0&#8243; enable_bottom_divider=&#8221;default&#8221; bottom_divider=&#8221;gradient&#8221; shape_bottom_h_use_pixel=&#8221;&#8221; shape_bottom_height=&#8221;150&#8243; shape_bottom_color=&#8221;color-wayh&#8221; shape_bottom_opacity=&#8221;100&#8243; shape_bottom_index=&#8221;0&#8243; row_name=&#8221;Welcome&#8221;][vc_column column_width_use_pixel=&#8221;yes&#8221; position_vertical=&#8221;middle&#8221; align_horizontal=&#8221;align_center&#8221; gutter_size=&#8221;3&#8243; style=&#8221;dark&#8221; overlay_alpha=&#8221;50&#8243; shift_x=&#8221;0&#8243; shift_y=&#8221;0&#8243; shift_y_down=&#8221;0&#8243; z_index=&#8221;0&#8243; medium_width=&#8221;0&#8243; mobile_width=&#8221;0&#8243; width=&#8221;1\/1&#8243;][vc_custom_heading text_font=&#8221;font-271139&#8243; text_size=&#8221;fontsize-338686&#8243; text_weight=&#8221;100&#8243; text_height=&#8221;fontheight-578034&#8243;]MEET YOUR[\/vc_custom_heading][vc_custom_heading text_font=&#8221;font-271139&#8243; text_size=&#8221;fontsize-445851&#8243; text_weight=&#8221;800&#8243; text_height=&#8221;fontheight-578034&#8243;]DIRECTORS[\/vc_custom_heading][\/vc_column][\/vc_row][vc_row unlock_row_content=&#8221;yes&#8221; row_height_percent=&#8221;0&#8243; override_padding=&#8221;yes&#8221; h_padding=&#8221;7&#8243; top_padding=&#8221;3&#8243; bottom_padding=&#8221;7&#8243; back_color=&#8221;color-wayh&#8221; overlay_alpha=&#8221;50&#8243; gutter_size=&#8221;4&#8243; column_width_percent=&#8221;100&#8243; shift_y=&#8221;0&#8243; z_index=&#8221;0&#8243; content_parallax=&#8221;0&#8243; uncode_shortcode_id=&#8221;178754&#8243; back_color_type=&#8221;uncode-palette&#8221;][vc_column column_width_percent=&#8221;100&#8243; gutter_size=&#8221;3&#8243; font_family=&#8221;font-175345&#8243; overlay_alpha=&#8221;50&#8243; shift_x=&#8221;0&#8243; shift_y=&#8221;0&#8243; shift_y_down=&#8221;0&#8243; z_index=&#8221;0&#8243; medium_width=&#8221;4&#8243; mobile_width=&#8221;4&#8243; width=&#8221;1\/4&#8243;][vc_single_image media=&#8221;87809&#8243; media_width_percent=&#8221;100&#8243; media_ratio=&#8221;three-four&#8221; shadow=&#8221;yes&#8221; shadow_weight=&#8221;lg&#8221; shadow_darker=&#8221;yes&#8221; advanced=&#8221;yes&#8221; media_items=&#8221;media|original,title&#8221; media_overlay_color=&#8221;color-wayh&#8221; media_overlay_coloration=&#8221;bottom_gradient&#8221; media_overlay_opacity=&#8221;20&#8243; media_overlay_visible=&#8221;yes&#8221; media_overlay_anim=&#8221;no&#8221; media_text_visible=&#8221;yes&#8221; media_h_align=&#8221;center&#8221; media_padding=&#8221;3&#8243; media_title_dimension=&#8221;h3&#8243; no_double_tap=&#8221;yes&#8221; media_title_custom=&#8221;Martin Jane\u0161&#8221; media_link=&#8221;url:https%3A%2F%2Funreal-visual.com%2Fen%2Fdirectors%2Fmartin-janes%2F|title:Martin%20Jane%C5%A1&#8243; media_subtitle_custom=&#8221;Tagline&#8221; uncode_shortcode_id=&#8221;504193&#8243; media_overlay_color_type=&#8221;uncode-palette&#8221;][\/vc_column][vc_column column_width_percent=&#8221;100&#8243; gutter_size=&#8221;3&#8243; overlay_alpha=&#8221;50&#8243; shift_x=&#8221;0&#8243; shift_y=&#8221;0&#8243; shift_y_down=&#8221;0&#8243; z_index=&#8221;0&#8243; medium_width=&#8221;4&#8243; mobile_width=&#8221;4&#8243; width=&#8221;1\/4&#8243;][vc_single_image media=&#8221;132573&#8243; media_width_percent=&#8221;100&#8243; media_ratio=&#8221;three-four&#8221; shadow=&#8221;yes&#8221; shadow_weight=&#8221;lg&#8221; shadow_darker=&#8221;yes&#8221; advanced=&#8221;yes&#8221; media_items=&#8221;media|original,title&#8221; media_overlay_color=&#8221;color-wayh&#8221; media_overlay_coloration=&#8221;bottom_gradient&#8221; media_overlay_opacity=&#8221;70&#8243; media_overlay_visible=&#8221;yes&#8221; media_overlay_anim=&#8221;no&#8221; media_text_visible=&#8221;yes&#8221; media_h_align=&#8221;center&#8221; media_padding=&#8221;3&#8243; media_title_dimension=&#8221;h3&#8243; no_double_tap=&#8221;yes&#8221; media_title_custom=&#8221;Kili\u00e1n Vr\u00e1tn\u00edk&#8221; media_link=&#8221;url:https%3A%2F%2Funreal-visual.com%2Fen%2Fdirectors%2Fkilian-vratnik%2F|title:Kili%C3%A1n%20Vr%C3%A1tn%C3%ADk&#8221; media_subtitle_custom=&#8221;Tagline&#8221; uncode_shortcode_id=&#8221;502416&#8243; media_overlay_color_type=&#8221;uncode-palette&#8221;][\/vc_column][vc_column column_width_percent=&#8221;100&#8243; gutter_size=&#8221;3&#8243; overlay_alpha=&#8221;50&#8243; shift_x=&#8221;0&#8243; shift_y=&#8221;0&#8243; shift_y_down=&#8221;0&#8243; z_index=&#8221;0&#8243; medium_width=&#8221;4&#8243; mobile_width=&#8221;4&#8243; width=&#8221;1\/4&#8243;][vc_single_image media=&#8221;132575&#8243; media_width_percent=&#8221;100&#8243; media_ratio=&#8221;three-four&#8221; shadow=&#8221;yes&#8221; shadow_weight=&#8221;lg&#8221; shadow_darker=&#8221;yes&#8221; advanced=&#8221;yes&#8221; media_items=&#8221;media|original,title&#8221; media_overlay_color=&#8221;color-wayh&#8221; media_overlay_coloration=&#8221;bottom_gradient&#8221; media_overlay_opacity=&#8221;70&#8243; media_overlay_visible=&#8221;yes&#8221; media_overlay_anim=&#8221;no&#8221; media_text_visible=&#8221;yes&#8221; media_h_align=&#8221;center&#8221; media_padding=&#8221;3&#8243; media_title_dimension=&#8221;h3&#8243; no_double_tap=&#8221;yes&#8221; media_title_custom=&#8221;Michael Nov\u00e1\u010dek&#8221; media_link=&#8221;url:https%3A%2F%2Funreal-visual.com%2Fen%2Fdirectors%2Fmichael-novacek%2F|title:Michael%20Nov%C3%A1%C4%8Dek&#8221; media_subtitle_custom=&#8221;Tagline&#8221; uncode_shortcode_id=&#8221;119312&#8243; media_overlay_color_type=&#8221;uncode-palette&#8221;][\/vc_column][vc_column width=&#8221;1\/4&#8243;][vc_single_image media=&#8221;87725&#8243; media_width_percent=&#8221;100&#8243; media_ratio=&#8221;three-four&#8221; shadow=&#8221;yes&#8221; shadow_weight=&#8221;lg&#8221; shadow_darker=&#8221;yes&#8221; advanced=&#8221;yes&#8221; media_items=&#8221;media|original,title&#8221; media_overlay_color=&#8221;color-wayh&#8221; media_overlay_coloration=&#8221;bottom_gradient&#8221; media_overlay_color_blend=&#8221;darken&#8221; media_overlay_opacity=&#8221;20&#8243; media_overlay_visible=&#8221;yes&#8221; media_overlay_anim=&#8221;no&#8221; media_text_visible=&#8221;yes&#8221; media_h_align=&#8221;center&#8221; media_padding=&#8221;3&#8243; media_title_dimension=&#8221;h3&#8243; no_double_tap=&#8221;yes&#8221; media_title_custom=&#8221;Novak + Nguyen&#8221; media_link=&#8221;url:https%3A%2F%2Funreal-visual.com%2Fen%2Fdirectors%2Fnovak-nguyen%2F|title:Novak%20%2B%20Nguyen&#8221; media_subtitle_custom=&#8221;Tagline&#8221; uncode_shortcode_id=&#8221;814933&#8243; media_overlay_color_type=&#8221;uncode-palette&#8221;][\/vc_column][\/vc_row]<\/p>\n<\/div>","protected":false},"excerpt":{"rendered":"<p>[vc_row row_height_percent=&#8221;38&#8243; override_padding=&#8221;yes&#8221; h_padding=&#8221;2&#8243; top_padding=&#8221;5&#8243; bottom_padding=&#8221;2&#8243; back_color=&#8221;color-wayh&#8221; back_image=&#8221;84448&#8243; overlay_alpha=&#8221;80&#8243; equal_height=&#8221;yes&#8221; gutter_size=&#8221;0&#8243; column_width_use_pixel=&#8221;yes&#8221; shift_y=&#8221;0&#8243; z_index=&#8221;0&#8243; enable_bottom_divider=&#8221;default&#8221; bottom_divider=&#8221;gradient&#8221; shape_bottom_h_use_pixel=&#8221;&#8221; shape_bottom_height=&#8221;150&#8243; shape_bottom_color=&#8221;color-wayh&#8221; shape_bottom_opacity=&#8221;100&#8243; [&hellip;]<\/p>\n","protected":false},"author":1,"featured_media":131503,"parent":0,"menu_order":0,"comment_status":"closed","ping_status":"closed","template":"","meta":{"footnotes":""},"class_list":["post-85253","page","type-page","status-publish","has-post-thumbnail","hentry"],"yoast_head":"<!-- This site is optimized with the Yoast SEO Premium plugin v22.9 (Yoast SEO v27.4) - https:\/\/yoast.com\/product\/yoast-seo-premium-wordpress\/ -->\n<title>Directors | Unreal Visual: Video Production Company | Prague, Czechia<\/title>\n<meta name=\"description\" content=\"Each of our directors is different, yet they have one thing in common \u2013 the talent to perceive things to the last detail and to overcome themselves with each new shot.\" \/>\n<meta name=\"robots\" content=\"index, follow, max-snippet:-1, max-image-preview:large, max-video-preview:-1\" \/>\n<link rel=\"canonical\" href=\"https:\/\/unreal-visual.com\/en\/directors\/\" \/>\n<meta property=\"og:locale\" content=\"en_US\" \/>\n<meta property=\"og:type\" content=\"article\" \/>\n<meta property=\"og:title\" content=\"Directors | Unreal Visual: Video Production Company | Prague, Czechia\" \/>\n<meta property=\"og:description\" content=\"Each of our directors is different, yet they have one thing in common \u2013 the talent to perceive things to the last detail and to overcome themselves with each new shot.\" \/>\n<meta property=\"og:url\" content=\"https:\/\/unreal-visual.com\/en\/directors\/\" \/>\n<meta property=\"og:site_name\" content=\"Unreal Visual\" \/>\n<meta property=\"article:publisher\" content=\"https:\/\/www.facebook.com\/unrealvisual\/\" \/>\n<meta property=\"article:modified_time\" content=\"2025-06-30T11:23:17+00:00\" \/>\n<meta property=\"og:image\" content=\"https:\/\/unreal-visual.com\/wp-content\/uploads\/2020\/06\/DSC09326.jpg\" \/>\n<meta name=\"twitter:card\" content=\"summary_large_image\" \/>\n<meta name=\"twitter:title\" content=\"Directors | Unreal Visual: Video Production Company | Prague, Czechia\" \/>\n<meta name=\"twitter:description\" content=\"Each of our directors is different, yet they have one thing in common \u2013 the talent to perceive things to the last detail and to overcome themselves with each new shot.\" \/>\n<meta name=\"twitter:image\" content=\"https:\/\/unreal-visual.com\/wp-content\/uploads\/2020\/06\/DSC09326.jpg\" \/>\n<meta name=\"twitter:label1\" content=\"Est. reading time\" \/>\n\t<meta name=\"twitter:data1\" content=\"2 minutes\" \/>\n<script type=\"application\/ld+json\" class=\"yoast-schema-graph\">{\"@context\":\"https:\\\/\\\/schema.org\",\"@graph\":[{\"@type\":\"WebPage\",\"@id\":\"https:\\\/\\\/unreal-visual.com\\\/en\\\/directors\\\/\",\"url\":\"https:\\\/\\\/unreal-visual.com\\\/en\\\/directors\\\/\",\"name\":\"Directors | Unreal Visual: Video Production Company | Prague, Czechia\",\"isPartOf\":{\"@id\":\"https:\\\/\\\/unreal-visual.com\\\/en\\\/#website\"},\"primaryImageOfPage\":{\"@id\":\"https:\\\/\\\/unreal-visual.com\\\/en\\\/directors\\\/#primaryimage\"},\"image\":{\"@id\":\"https:\\\/\\\/unreal-visual.com\\\/en\\\/directors\\\/#primaryimage\"},\"thumbnailUrl\":\"https:\\\/\\\/unreal-visual.com\\\/wp-content\\\/uploads\\\/2024\\\/03\\\/3G9A2454.jpg\",\"datePublished\":\"2017-03-31T13:33:25+00:00\",\"dateModified\":\"2025-06-30T11:23:17+00:00\",\"description\":\"Each of our directors is different, yet they have one thing in common \u2013 the talent to perceive things to the last detail and to overcome themselves with each new shot.\",\"breadcrumb\":{\"@id\":\"https:\\\/\\\/unreal-visual.com\\\/en\\\/directors\\\/#breadcrumb\"},\"inLanguage\":\"en-US\",\"potentialAction\":[{\"@type\":\"ReadAction\",\"target\":[\"https:\\\/\\\/unreal-visual.com\\\/en\\\/directors\\\/\"]}]},{\"@type\":\"ImageObject\",\"inLanguage\":\"en-US\",\"@id\":\"https:\\\/\\\/unreal-visual.com\\\/en\\\/directors\\\/#primaryimage\",\"url\":\"https:\\\/\\\/unreal-visual.com\\\/wp-content\\\/uploads\\\/2024\\\/03\\\/3G9A2454.jpg\",\"contentUrl\":\"https:\\\/\\\/unreal-visual.com\\\/wp-content\\\/uploads\\\/2024\\\/03\\\/3G9A2454.jpg\",\"width\":2048,\"height\":1365},{\"@type\":\"BreadcrumbList\",\"@id\":\"https:\\\/\\\/unreal-visual.com\\\/en\\\/directors\\\/#breadcrumb\",\"itemListElement\":[{\"@type\":\"ListItem\",\"position\":1,\"name\":\"Dom\u016f\",\"item\":\"https:\\\/\\\/unreal-visual.com\\\/en\\\/home\\\/\"},{\"@type\":\"ListItem\",\"position\":2,\"name\":\"Directors\"}]},{\"@type\":\"WebSite\",\"@id\":\"https:\\\/\\\/unreal-visual.com\\\/en\\\/#website\",\"url\":\"https:\\\/\\\/unreal-visual.com\\\/en\\\/\",\"name\":\"Unreal Visual: Videoprodukce | Praha, \u010cesko\",\"description\":\"Videoprodukce\",\"publisher\":{\"@id\":\"https:\\\/\\\/unreal-visual.com\\\/en\\\/#organization\"},\"alternateName\":\"Unreal Visual. Videoproduction\",\"potentialAction\":[{\"@type\":\"SearchAction\",\"target\":{\"@type\":\"EntryPoint\",\"urlTemplate\":\"https:\\\/\\\/unreal-visual.com\\\/en\\\/?s={search_term_string}\"},\"query-input\":{\"@type\":\"PropertyValueSpecification\",\"valueRequired\":true,\"valueName\":\"search_term_string\"}}],\"inLanguage\":\"en-US\"},{\"@type\":\"Organization\",\"@id\":\"https:\\\/\\\/unreal-visual.com\\\/en\\\/#organization\",\"name\":\"Unreal Visual\",\"url\":\"https:\\\/\\\/unreal-visual.com\\\/en\\\/\",\"logo\":{\"@type\":\"ImageObject\",\"inLanguage\":\"en-US\",\"@id\":\"https:\\\/\\\/unreal-visual.com\\\/en\\\/#\\\/schema\\\/logo\\\/image\\\/\",\"url\":\"https:\\\/\\\/unreal-visual.com\\\/wp-content\\\/uploads\\\/2023\\\/12\\\/UNREAL_03.jpg\",\"contentUrl\":\"https:\\\/\\\/unreal-visual.com\\\/wp-content\\\/uploads\\\/2023\\\/12\\\/UNREAL_03.jpg\",\"width\":1000,\"height\":1000,\"caption\":\"Unreal Visual\"},\"image\":{\"@id\":\"https:\\\/\\\/unreal-visual.com\\\/en\\\/#\\\/schema\\\/logo\\\/image\\\/\"},\"sameAs\":[\"https:\\\/\\\/www.facebook.com\\\/unrealvisual\\\/\",\"https:\\\/\\\/instagram.com\\\/unreal_visual\\\/\",\"https:\\\/\\\/www.linkedin.com\\\/company\\\/unreal-visual-s-r-o\"]}]}<\/script>\n<!-- \/ Yoast SEO Premium plugin. -->","yoast_head_json":{"title":"Directors | Unreal Visual: Video Production Company | Prague, Czechia","description":"Each of our directors is different, yet they have one thing in common \u2013 the talent to perceive things to the last detail and to overcome themselves with each new shot.","robots":{"index":"index","follow":"follow","max-snippet":"max-snippet:-1","max-image-preview":"max-image-preview:large","max-video-preview":"max-video-preview:-1"},"canonical":"https:\/\/unreal-visual.com\/en\/directors\/","og_locale":"en_US","og_type":"article","og_title":"Directors | Unreal Visual: Video Production Company | Prague, Czechia","og_description":"Each of our directors is different, yet they have one thing in common \u2013 the talent to perceive things to the last detail and to overcome themselves with each new shot.","og_url":"https:\/\/unreal-visual.com\/en\/directors\/","og_site_name":"Unreal Visual","article_publisher":"https:\/\/www.facebook.com\/unrealvisual\/","article_modified_time":"2025-06-30T11:23:17+00:00","og_image":[{"url":"https:\/\/unreal-visual.com\/wp-content\/uploads\/2020\/06\/DSC09326.jpg","type":"","width":"","height":""}],"twitter_card":"summary_large_image","twitter_title":"Directors | Unreal Visual: Video Production Company | Prague, Czechia","twitter_description":"Each of our directors is different, yet they have one thing in common \u2013 the talent to perceive things to the last detail and to overcome themselves with each new shot.","twitter_image":"https:\/\/unreal-visual.com\/wp-content\/uploads\/2020\/06\/DSC09326.jpg","twitter_misc":{"Est. reading time":"2 minutes"},"schema":{"@context":"https:\/\/schema.org","@graph":[{"@type":"WebPage","@id":"https:\/\/unreal-visual.com\/en\/directors\/","url":"https:\/\/unreal-visual.com\/en\/directors\/","name":"Directors | Unreal Visual: Video Production Company | Prague, Czechia","isPartOf":{"@id":"https:\/\/unreal-visual.com\/en\/#website"},"primaryImageOfPage":{"@id":"https:\/\/unreal-visual.com\/en\/directors\/#primaryimage"},"image":{"@id":"https:\/\/unreal-visual.com\/en\/directors\/#primaryimage"},"thumbnailUrl":"https:\/\/unreal-visual.com\/wp-content\/uploads\/2024\/03\/3G9A2454.jpg","datePublished":"2017-03-31T13:33:25+00:00","dateModified":"2025-06-30T11:23:17+00:00","description":"Each of our directors is different, yet they have one thing in common \u2013 the talent to perceive things to the last detail and to overcome themselves with each new shot.","breadcrumb":{"@id":"https:\/\/unreal-visual.com\/en\/directors\/#breadcrumb"},"inLanguage":"en-US","potentialAction":[{"@type":"ReadAction","target":["https:\/\/unreal-visual.com\/en\/directors\/"]}]},{"@type":"ImageObject","inLanguage":"en-US","@id":"https:\/\/unreal-visual.com\/en\/directors\/#primaryimage","url":"https:\/\/unreal-visual.com\/wp-content\/uploads\/2024\/03\/3G9A2454.jpg","contentUrl":"https:\/\/unreal-visual.com\/wp-content\/uploads\/2024\/03\/3G9A2454.jpg","width":2048,"height":1365},{"@type":"BreadcrumbList","@id":"https:\/\/unreal-visual.com\/en\/directors\/#breadcrumb","itemListElement":[{"@type":"ListItem","position":1,"name":"Dom\u016f","item":"https:\/\/unreal-visual.com\/en\/home\/"},{"@type":"ListItem","position":2,"name":"Directors"}]},{"@type":"WebSite","@id":"https:\/\/unreal-visual.com\/en\/#website","url":"https:\/\/unreal-visual.com\/en\/","name":"Unreal Visual: Videoprodukce | Praha, \u010cesko","description":"Videoprodukce","publisher":{"@id":"https:\/\/unreal-visual.com\/en\/#organization"},"alternateName":"Unreal Visual. Videoproduction","potentialAction":[{"@type":"SearchAction","target":{"@type":"EntryPoint","urlTemplate":"https:\/\/unreal-visual.com\/en\/?s={search_term_string}"},"query-input":{"@type":"PropertyValueSpecification","valueRequired":true,"valueName":"search_term_string"}}],"inLanguage":"en-US"},{"@type":"Organization","@id":"https:\/\/unreal-visual.com\/en\/#organization","name":"Unreal Visual","url":"https:\/\/unreal-visual.com\/en\/","logo":{"@type":"ImageObject","inLanguage":"en-US","@id":"https:\/\/unreal-visual.com\/en\/#\/schema\/logo\/image\/","url":"https:\/\/unreal-visual.com\/wp-content\/uploads\/2023\/12\/UNREAL_03.jpg","contentUrl":"https:\/\/unreal-visual.com\/wp-content\/uploads\/2023\/12\/UNREAL_03.jpg","width":1000,"height":1000,"caption":"Unreal Visual"},"image":{"@id":"https:\/\/unreal-visual.com\/en\/#\/schema\/logo\/image\/"},"sameAs":["https:\/\/www.facebook.com\/unrealvisual\/","https:\/\/instagram.com\/unreal_visual\/","https:\/\/www.linkedin.com\/company\/unreal-visual-s-r-o"]}]}},"_links":{"self":[{"href":"https:\/\/unreal-visual.com\/en\/wp-json\/wp\/v2\/pages\/85253","targetHints":{"allow":["GET"]}}],"collection":[{"href":"https:\/\/unreal-visual.com\/en\/wp-json\/wp\/v2\/pages"}],"about":[{"href":"https:\/\/unreal-visual.com\/en\/wp-json\/wp\/v2\/types\/page"}],"author":[{"embeddable":true,"href":"https:\/\/unreal-visual.com\/en\/wp-json\/wp\/v2\/users\/1"}],"replies":[{"embeddable":true,"href":"https:\/\/unreal-visual.com\/en\/wp-json\/wp\/v2\/comments?post=85253"}],"version-history":[{"count":18,"href":"https:\/\/unreal-visual.com\/en\/wp-json\/wp\/v2\/pages\/85253\/revisions"}],"predecessor-version":[{"id":132590,"href":"https:\/\/unreal-visual.com\/en\/wp-json\/wp\/v2\/pages\/85253\/revisions\/132590"}],"wp:featuredmedia":[{"embeddable":true,"href":"https:\/\/unreal-visual.com\/en\/wp-json\/wp\/v2\/media\/131503"}],"wp:attachment":[{"href":"https:\/\/unreal-visual.com\/en\/wp-json\/wp\/v2\/media?parent=85253"}],"curies":[{"name":"wp","href":"https:\/\/api.w.org\/{rel}","templated":true}]}}