{"id":85228,"date":"2014-12-15T18:14:09","date_gmt":"2014-12-15T18:14:09","guid":{"rendered":"https:\/\/unreal-visual.com\/kontakt\/"},"modified":"2025-06-20T17:24:40","modified_gmt":"2025-06-20T15:24:40","slug":"contact","status":"publish","type":"page","link":"https:\/\/unreal-visual.com\/en\/contact\/","title":{"rendered":"Contact"},"content":{"rendered":"<div class=\"wpb-content-wrapper\"><p>[vc_row unlock_row_content=&#8221;yes&#8221; row_height_percent=&#8221;0&#8243; override_padding=&#8221;yes&#8221; h_padding=&#8221;2&#8243; top_padding=&#8221;5&#8243; bottom_padding=&#8221;6&#8243; back_color=&#8221;color-wayh&#8221; overlay_alpha=&#8221;15&#8243; gutter_size=&#8221;3&#8243; column_width_percent=&#8221;100&#8243; shift_y=&#8221;0&#8243; z_index=&#8221;0&#8243; top_divider=&#8221;gradient&#8221; bottom_divider=&#8221;gradient&#8221; content_parallax=&#8221;0&#8243; uncode_shortcode_id=&#8221;273588&#8243; back_color_type=&#8221;uncode-palette&#8221;][vc_column column_width_percent=&#8221;60&#8243; position_vertical=&#8221;middle&#8221; gutter_size=&#8221;4&#8243; style=&#8221;dark&#8221; overlay_alpha=&#8221;50&#8243; shift_x=&#8221;0&#8243; shift_y=&#8221;0&#8243; shift_y_down=&#8221;0&#8243; z_index=&#8221;0&#8243; medium_width=&#8221;0&#8243; mobile_width=&#8221;0&#8243; width=&#8221;1\/1&#8243; uncode_shortcode_id=&#8221;116002&#8243;][vc_empty_space][vc_custom_heading heading_semantic=&#8221;h3&#8243; text_size=&#8221;fontsize-445851&#8243; uncode_shortcode_id=&#8221;171257&#8243;]Get in touch[\/vc_custom_heading][vc_separator sep_color=&#8221;,Default&#8221;][vc_row_inner row_inner_height_percent=&#8221;0&#8243; overlay_alpha=&#8221;50&#8243; gutter_size=&#8221;4&#8243; shift_y=&#8221;0&#8243; z_index=&#8221;0&#8243; limit_content=&#8221;&#8221;][vc_column_inner column_width_percent=&#8221;100&#8243; gutter_size=&#8221;3&#8243; style=&#8221;dark&#8221; overlay_alpha=&#8221;50&#8243; shift_x=&#8221;0&#8243; shift_y=&#8221;0&#8243; shift_y_down=&#8221;0&#8243; z_index=&#8221;0&#8243; medium_width=&#8221;4&#8243; mobile_width=&#8221;0&#8243; width=&#8221;1\/2&#8243; uncode_shortcode_id=&#8221;745225&#8243;][vc_custom_heading heading_semantic=&#8221;h6&#8243; text_size=&#8221;h1&#8243; uncode_shortcode_id=&#8221;151365&#8243;]<a href=\"mailto:hello@unreal-visual.com\">hello@unreal-visual.com<\/a>[\/vc_custom_heading][\/vc_column_inner][vc_column_inner column_width_percent=&#8221;100&#8243; align_horizontal=&#8221;align_right&#8221; gutter_size=&#8221;3&#8243; style=&#8221;dark&#8221; overlay_alpha=&#8221;50&#8243; shift_x=&#8221;0&#8243; shift_y=&#8221;0&#8243; shift_y_down=&#8221;0&#8243; z_index=&#8221;0&#8243; medium_width=&#8221;4&#8243; align_mobile=&#8221;align_left_mobile&#8221; mobile_width=&#8221;0&#8243; width=&#8221;1\/2&#8243; uncode_shortcode_id=&#8221;201491&#8243;][vc_custom_heading heading_semantic=&#8221;h6&#8243; text_size=&#8221;h1&#8243; uncode_shortcode_id=&#8221;197368&#8243;]\u202d+420 776 639 276\u202c[\/vc_custom_heading][\/vc_column_inner][\/vc_row_inner][vc_separator sep_color=&#8221;,Default&#8221;][\/vc_column][\/vc_row][vc_row unlock_row_content=&#8221;yes&#8221; row_height_percent=&#8221;0&#8243; override_padding=&#8221;yes&#8221; h_padding=&#8221;2&#8243; top_padding=&#8221;2&#8243; bottom_padding=&#8221;5&#8243; back_color=&#8221;color-wayh&#8221; overlay_alpha=&#8221;15&#8243; gutter_size=&#8221;3&#8243; column_width_percent=&#8221;100&#8243; shift_y=&#8221;0&#8243; z_index=&#8221;0&#8243; top_divider=&#8221;gradient&#8221; bottom_divider=&#8221;gradient&#8221; content_parallax=&#8221;0&#8243; uncode_shortcode_id=&#8221;917187&#8243; back_color_type=&#8221;uncode-palette&#8221;][vc_column column_width_percent=&#8221;60&#8243; position_vertical=&#8221;middle&#8221; gutter_size=&#8221;4&#8243; style=&#8221;dark&#8221; overlay_alpha=&#8221;50&#8243; shift_x=&#8221;0&#8243; shift_y=&#8221;0&#8243; shift_y_down=&#8221;0&#8243; z_index=&#8221;0&#8243; medium_width=&#8221;0&#8243; mobile_width=&#8221;0&#8243; width=&#8221;1\/1&#8243; uncode_shortcode_id=&#8221;116002&#8243;][vc_row_inner row_inner_height_percent=&#8221;0&#8243; overlay_alpha=&#8221;50&#8243; gutter_size=&#8221;4&#8243; shift_y=&#8221;0&#8243; z_index=&#8221;0&#8243; limit_content=&#8221;&#8221;][vc_column_inner column_width_percent=&#8221;100&#8243; gutter_size=&#8221;3&#8243; style=&#8221;dark&#8221; overlay_alpha=&#8221;50&#8243; shift_x=&#8221;0&#8243; shift_y=&#8221;0&#8243; shift_y_down=&#8221;0&#8243; z_index=&#8221;0&#8243; medium_width=&#8221;4&#8243; mobile_width=&#8221;0&#8243; width=&#8221;1\/2&#8243; uncode_shortcode_id=&#8221;198682&#8243;][vc_custom_heading text_color=&#8221;color-lxmt&#8221; text_size=&#8221;fontsize-155944&#8243; uncode_shortcode_id=&#8221;142197&#8243; text_color_type=&#8221;uncode-palette&#8221;]Want to go straight to the source?[\/vc_custom_heading][vc_custom_heading text_color=&#8221;color-lxmt&#8221; heading_semantic=&#8221;h3&#8243; text_size=&#8221;h4&#8243; text_weight=&#8221;100&#8243; uncode_shortcode_id=&#8221;200190&#8243; text_color_type=&#8221;uncode-palette&#8221;]Get in touch with Adam, our producer.[\/vc_custom_heading][vc_custom_heading text_color=&#8221;color-lxmt&#8221; heading_semantic=&#8221;h3&#8243; text_weight=&#8221;600&#8243; text_height=&#8221;fontheight-357766&#8243; uncode_shortcode_id=&#8221;480958&#8243; text_color_type=&#8221;uncode-palette&#8221;]<a href=\"mailto:adam.belik@unreal-visual.com\">adam.belik@unreal-visual.com<\/a>[\/vc_custom_heading][\/vc_column_inner][vc_column_inner column_width_percent=&#8221;100&#8243; position_vertical=&#8221;middle&#8221; align_horizontal=&#8221;align_center&#8221; gutter_size=&#8221;3&#8243; style=&#8221;dark&#8221; overlay_alpha=&#8221;50&#8243; shift_x=&#8221;0&#8243; shift_y=&#8221;0&#8243; shift_y_down=&#8221;0&#8243; z_index=&#8221;0&#8243; medium_width=&#8221;4&#8243; align_mobile=&#8221;align_left_mobile&#8221; mobile_width=&#8221;0&#8243; width=&#8221;1\/2&#8243; uncode_shortcode_id=&#8221;622122&#8243;][vc_single_image media=&#8221;131888&#8243; media_width_percent=&#8221;85&#8243; media_ratio=&#8221;four-three&#8221; alignment=&#8221;right&#8221; shape=&#8221;img-round&#8221; radius=&#8221;std&#8221; shadow=&#8221;yes&#8221; shadow_weight=&#8221;xl&#8221; shadow_darker=&#8221;yes&#8221; uncode_shortcode_id=&#8221;159259&#8243;][\/vc_column_inner][\/vc_row_inner][\/vc_column][\/vc_row][vc_row row_height_percent=&#8221;0&#8243; override_padding=&#8221;yes&#8221; h_padding=&#8221;2&#8243; top_padding=&#8221;5&#8243; bottom_padding=&#8221;5&#8243; back_color=&#8221;color-wayh&#8221; overlay_alpha=&#8221;50&#8243; gutter_size=&#8221;4&#8243; column_width_percent=&#8221;100&#8243; shift_y=&#8221;0&#8243; z_index=&#8221;0&#8243; content_parallax=&#8221;0&#8243; uncode_shortcode_id=&#8221;821507&#8243; back_color_type=&#8221;uncode-palette&#8221;][vc_column column_width_percent=&#8221;100&#8243; gutter_size=&#8221;3&#8243; style=&#8221;dark&#8221; overlay_alpha=&#8221;50&#8243; shift_x=&#8221;0&#8243; shift_y=&#8221;0&#8243; shift_y_down=&#8221;0&#8243; z_index=&#8221;0&#8243; medium_width=&#8221;0&#8243; mobile_width=&#8221;0&#8243; width=&#8221;1\/1&#8243;][vc_row_inner limit_content=&#8221;&#8221;][vc_column_inner column_width_percent=&#8221;100&#8243; gutter_size=&#8221;3&#8243; style=&#8221;dark&#8221; overlay_alpha=&#8221;50&#8243; shift_x=&#8221;0&#8243; shift_y=&#8221;0&#8243; shift_y_down=&#8221;0&#8243; z_index=&#8221;0&#8243; medium_width=&#8221;0&#8243; mobile_width=&#8221;0&#8243; width=&#8221;1\/3&#8243;][vc_wp_custommenu nav_menu=&#8221;130&#8243;][\/vc_column_inner][vc_column_inner column_width_percent=&#8221;100&#8243; gutter_size=&#8221;3&#8243; style=&#8221;dark&#8221; overlay_alpha=&#8221;50&#8243; shift_x=&#8221;0&#8243; shift_y=&#8221;0&#8243; shift_y_down=&#8221;0&#8243; z_index=&#8221;0&#8243; medium_width=&#8221;0&#8243; mobile_width=&#8221;0&#8243; width=&#8221;1\/3&#8243;][vc_custom_heading heading_semantic=&#8221;h5&#8243; text_size=&#8221;h4&#8243;]Unreal Visual s.r.o.[\/vc_custom_heading][vc_column_text]Dube\u010dsk\u00e1 73\/6, 100 00, Praha 10<br \/>\nI\u010cO: 05979064<br \/>\nDI\u010c: CZ05979064<br \/>\nSpisov\u00e1 zna\u010dka C 274042 veden\u00e1 u M\u011bstsk\u00e9ho soudu v Praze[\/vc_column_text][\/vc_column_inner][vc_column_inner column_width_percent=&#8221;100&#8243; gutter_size=&#8221;3&#8243; style=&#8221;dark&#8221; overlay_alpha=&#8221;50&#8243; shift_x=&#8221;0&#8243; shift_y=&#8221;0&#8243; shift_y_down=&#8221;0&#8243; z_index=&#8221;0&#8243; medium_width=&#8221;0&#8243; mobile_width=&#8221;0&#8243; width=&#8221;1\/3&#8243;][vc_custom_heading heading_semantic=&#8221;h5&#8243; text_size=&#8221;h4&#8243;]Invoices[\/vc_custom_heading][vc_column_text uncode_shortcode_id=&#8221;201801&#8243;]faktury@unreal-visual.com[\/vc_column_text][\/vc_column_inner][\/vc_row_inner][\/vc_column][\/vc_row][vc_row row_height_percent=&#8221;0&#8243; override_padding=&#8221;yes&#8221; h_padding=&#8221;0&#8243; top_padding=&#8221;0&#8243; bottom_padding=&#8221;0&#8243; overlay_alpha=&#8221;50&#8243; gutter_size=&#8221;3&#8243; column_width_percent=&#8221;100&#8243; shift_y=&#8221;0&#8243; z_index=&#8221;0&#8243; uncode_shortcode_id=&#8221;772442&#8243;][vc_column width=&#8221;1\/1&#8243;][uncode_vertical_text element_type=&#8221;social&#8221; fixed=&#8221;yes&#8221; position=&#8221;right&#8221; vertical_text_h_pos=&#8221;-2&#8243; show_after_scroll=&#8221;yes&#8221; hide_on_bottom=&#8221;yes&#8221; medium_visibility=&#8221;yes&#8221; mobile_visibility=&#8221;yes&#8221; uncode_shortcode_id=&#8221;142442&#8243;]Vertical text.[\/uncode_vertical_text][\/vc_column][\/vc_row]<\/p>\n<\/div>","protected":false},"excerpt":{"rendered":"<p>If you\\\\\\\\\\\\\\\\\\\\\\\\\\\\\\\\\\\\\\\\\\\\\\\\\\\\\\\\\\&#8217;d like to discuss working with us, find out more about the range of services we have to offer, or just want to have a chat, please get in touch.<\/p>\n","protected":false},"author":1,"featured_media":84904,"parent":0,"menu_order":0,"comment_status":"closed","ping_status":"closed","template":"","meta":{"footnotes":""},"class_list":["post-85228","page","type-page","status-publish","has-post-thumbnail","hentry"],"yoast_head":"<!-- This site is optimized with the Yoast SEO Premium plugin v22.9 (Yoast SEO v27.4) - https:\/\/yoast.com\/product\/yoast-seo-premium-wordpress\/ -->\n<title>Contact | Unreal Visual: Video Production Company | Prague, Czechia<\/title>\n<meta name=\"description\" content=\"Do you need a team to take care of your video? Unreal Visual video production specializes in creating advertising videos.\" \/>\n<meta name=\"robots\" content=\"index, follow, max-snippet:-1, max-image-preview:large, max-video-preview:-1\" \/>\n<link rel=\"canonical\" href=\"https:\/\/unreal-visual.com\/en\/contact\/\" \/>\n<meta property=\"og:locale\" content=\"en_US\" \/>\n<meta property=\"og:type\" content=\"article\" \/>\n<meta property=\"og:title\" content=\"Contact | Unreal Visual\" \/>\n<meta property=\"og:description\" content=\"Do you need a team to take care of your video? Unreal Visual video production specializes in creating advertising videos.\" \/>\n<meta property=\"og:url\" content=\"https:\/\/unreal-visual.com\/en\/contact\/\" \/>\n<meta property=\"og:site_name\" content=\"Unreal Visual\" \/>\n<meta property=\"article:publisher\" content=\"https:\/\/www.facebook.com\/unrealvisual\/\" \/>\n<meta property=\"article:modified_time\" content=\"2025-06-20T15:24:40+00:00\" \/>\n<meta property=\"og:image\" content=\"https:\/\/unreal-visual.com\/wp-content\/uploads\/2020\/06\/UV_ONdra.jpg\" \/>\n<meta name=\"twitter:card\" content=\"summary_large_image\" \/>\n<meta name=\"twitter:title\" content=\"Contact | Unreal Visual: Video Production Company | Prague, Czechia\" \/>\n<meta name=\"twitter:description\" content=\"Do you need a team to take care of your video? Let Ondra know. Or use our form and we will simply get back to you.\" \/>\n<meta name=\"twitter:image\" content=\"https:\/\/unreal-visual.com\/wp-content\/uploads\/2020\/06\/UV_ONdra.jpg\" \/>\n<meta name=\"twitter:label1\" content=\"Est. reading time\" \/>\n\t<meta name=\"twitter:data1\" content=\"1 minute\" \/>\n<script type=\"application\/ld+json\" class=\"yoast-schema-graph\">{\"@context\":\"https:\\\/\\\/schema.org\",\"@graph\":[{\"@type\":\"WebPage\",\"@id\":\"https:\\\/\\\/unreal-visual.com\\\/en\\\/contact\\\/\",\"url\":\"https:\\\/\\\/unreal-visual.com\\\/en\\\/contact\\\/\",\"name\":\"Contact | Unreal Visual: Video Production Company | Prague, Czechia\",\"isPartOf\":{\"@id\":\"https:\\\/\\\/unreal-visual.com\\\/en\\\/#website\"},\"primaryImageOfPage\":{\"@id\":\"https:\\\/\\\/unreal-visual.com\\\/en\\\/contact\\\/#primaryimage\"},\"image\":{\"@id\":\"https:\\\/\\\/unreal-visual.com\\\/en\\\/contact\\\/#primaryimage\"},\"thumbnailUrl\":\"https:\\\/\\\/unreal-visual.com\\\/wp-content\\\/uploads\\\/2020\\\/06\\\/DSC09519.jpg\",\"datePublished\":\"2014-12-15T18:14:09+00:00\",\"dateModified\":\"2025-06-20T15:24:40+00:00\",\"description\":\"Do you need a team to take care of your video? Unreal Visual video production specializes in creating advertising videos.\",\"breadcrumb\":{\"@id\":\"https:\\\/\\\/unreal-visual.com\\\/en\\\/contact\\\/#breadcrumb\"},\"inLanguage\":\"en-US\",\"potentialAction\":[{\"@type\":\"ReadAction\",\"target\":[\"https:\\\/\\\/unreal-visual.com\\\/en\\\/contact\\\/\"]}]},{\"@type\":\"ImageObject\",\"inLanguage\":\"en-US\",\"@id\":\"https:\\\/\\\/unreal-visual.com\\\/en\\\/contact\\\/#primaryimage\",\"url\":\"https:\\\/\\\/unreal-visual.com\\\/wp-content\\\/uploads\\\/2020\\\/06\\\/DSC09519.jpg\",\"contentUrl\":\"https:\\\/\\\/unreal-visual.com\\\/wp-content\\\/uploads\\\/2020\\\/06\\\/DSC09519.jpg\",\"width\":2048,\"height\":1366},{\"@type\":\"BreadcrumbList\",\"@id\":\"https:\\\/\\\/unreal-visual.com\\\/en\\\/contact\\\/#breadcrumb\",\"itemListElement\":[{\"@type\":\"ListItem\",\"position\":1,\"name\":\"Dom\u016f\",\"item\":\"https:\\\/\\\/unreal-visual.com\\\/en\\\/home\\\/\"},{\"@type\":\"ListItem\",\"position\":2,\"name\":\"Contact\"}]},{\"@type\":\"WebSite\",\"@id\":\"https:\\\/\\\/unreal-visual.com\\\/en\\\/#website\",\"url\":\"https:\\\/\\\/unreal-visual.com\\\/en\\\/\",\"name\":\"Unreal Visual: Videoprodukce | Praha, \u010cesko\",\"description\":\"Videoprodukce\",\"publisher\":{\"@id\":\"https:\\\/\\\/unreal-visual.com\\\/en\\\/#organization\"},\"alternateName\":\"Unreal Visual. Videoproduction\",\"potentialAction\":[{\"@type\":\"SearchAction\",\"target\":{\"@type\":\"EntryPoint\",\"urlTemplate\":\"https:\\\/\\\/unreal-visual.com\\\/en\\\/?s={search_term_string}\"},\"query-input\":{\"@type\":\"PropertyValueSpecification\",\"valueRequired\":true,\"valueName\":\"search_term_string\"}}],\"inLanguage\":\"en-US\"},{\"@type\":\"Organization\",\"@id\":\"https:\\\/\\\/unreal-visual.com\\\/en\\\/#organization\",\"name\":\"Unreal Visual\",\"url\":\"https:\\\/\\\/unreal-visual.com\\\/en\\\/\",\"logo\":{\"@type\":\"ImageObject\",\"inLanguage\":\"en-US\",\"@id\":\"https:\\\/\\\/unreal-visual.com\\\/en\\\/#\\\/schema\\\/logo\\\/image\\\/\",\"url\":\"https:\\\/\\\/unreal-visual.com\\\/wp-content\\\/uploads\\\/2023\\\/12\\\/UNREAL_03.jpg\",\"contentUrl\":\"https:\\\/\\\/unreal-visual.com\\\/wp-content\\\/uploads\\\/2023\\\/12\\\/UNREAL_03.jpg\",\"width\":1000,\"height\":1000,\"caption\":\"Unreal Visual\"},\"image\":{\"@id\":\"https:\\\/\\\/unreal-visual.com\\\/en\\\/#\\\/schema\\\/logo\\\/image\\\/\"},\"sameAs\":[\"https:\\\/\\\/www.facebook.com\\\/unrealvisual\\\/\",\"https:\\\/\\\/instagram.com\\\/unreal_visual\\\/\",\"https:\\\/\\\/www.linkedin.com\\\/company\\\/unreal-visual-s-r-o\"]}]}<\/script>\n<!-- \/ Yoast SEO Premium plugin. -->","yoast_head_json":{"title":"Contact | Unreal Visual: Video Production Company | Prague, Czechia","description":"Do you need a team to take care of your video? Unreal Visual video production specializes in creating advertising videos.","robots":{"index":"index","follow":"follow","max-snippet":"max-snippet:-1","max-image-preview":"max-image-preview:large","max-video-preview":"max-video-preview:-1"},"canonical":"https:\/\/unreal-visual.com\/en\/contact\/","og_locale":"en_US","og_type":"article","og_title":"Contact | Unreal Visual","og_description":"Do you need a team to take care of your video? Unreal Visual video production specializes in creating advertising videos.","og_url":"https:\/\/unreal-visual.com\/en\/contact\/","og_site_name":"Unreal Visual","article_publisher":"https:\/\/www.facebook.com\/unrealvisual\/","article_modified_time":"2025-06-20T15:24:40+00:00","og_image":[{"url":"https:\/\/unreal-visual.com\/wp-content\/uploads\/2020\/06\/UV_ONdra.jpg","type":"","width":"","height":""}],"twitter_card":"summary_large_image","twitter_title":"Contact | Unreal Visual: Video Production Company | Prague, Czechia","twitter_description":"Do you need a team to take care of your video? Let Ondra know. Or use our form and we will simply get back to you.","twitter_image":"https:\/\/unreal-visual.com\/wp-content\/uploads\/2020\/06\/UV_ONdra.jpg","twitter_misc":{"Est. reading time":"1 minute"},"schema":{"@context":"https:\/\/schema.org","@graph":[{"@type":"WebPage","@id":"https:\/\/unreal-visual.com\/en\/contact\/","url":"https:\/\/unreal-visual.com\/en\/contact\/","name":"Contact | Unreal Visual: Video Production Company | Prague, Czechia","isPartOf":{"@id":"https:\/\/unreal-visual.com\/en\/#website"},"primaryImageOfPage":{"@id":"https:\/\/unreal-visual.com\/en\/contact\/#primaryimage"},"image":{"@id":"https:\/\/unreal-visual.com\/en\/contact\/#primaryimage"},"thumbnailUrl":"https:\/\/unreal-visual.com\/wp-content\/uploads\/2020\/06\/DSC09519.jpg","datePublished":"2014-12-15T18:14:09+00:00","dateModified":"2025-06-20T15:24:40+00:00","description":"Do you need a team to take care of your video? Unreal Visual video production specializes in creating advertising videos.","breadcrumb":{"@id":"https:\/\/unreal-visual.com\/en\/contact\/#breadcrumb"},"inLanguage":"en-US","potentialAction":[{"@type":"ReadAction","target":["https:\/\/unreal-visual.com\/en\/contact\/"]}]},{"@type":"ImageObject","inLanguage":"en-US","@id":"https:\/\/unreal-visual.com\/en\/contact\/#primaryimage","url":"https:\/\/unreal-visual.com\/wp-content\/uploads\/2020\/06\/DSC09519.jpg","contentUrl":"https:\/\/unreal-visual.com\/wp-content\/uploads\/2020\/06\/DSC09519.jpg","width":2048,"height":1366},{"@type":"BreadcrumbList","@id":"https:\/\/unreal-visual.com\/en\/contact\/#breadcrumb","itemListElement":[{"@type":"ListItem","position":1,"name":"Dom\u016f","item":"https:\/\/unreal-visual.com\/en\/home\/"},{"@type":"ListItem","position":2,"name":"Contact"}]},{"@type":"WebSite","@id":"https:\/\/unreal-visual.com\/en\/#website","url":"https:\/\/unreal-visual.com\/en\/","name":"Unreal Visual: Videoprodukce | Praha, \u010cesko","description":"Videoprodukce","publisher":{"@id":"https:\/\/unreal-visual.com\/en\/#organization"},"alternateName":"Unreal Visual. Videoproduction","potentialAction":[{"@type":"SearchAction","target":{"@type":"EntryPoint","urlTemplate":"https:\/\/unreal-visual.com\/en\/?s={search_term_string}"},"query-input":{"@type":"PropertyValueSpecification","valueRequired":true,"valueName":"search_term_string"}}],"inLanguage":"en-US"},{"@type":"Organization","@id":"https:\/\/unreal-visual.com\/en\/#organization","name":"Unreal Visual","url":"https:\/\/unreal-visual.com\/en\/","logo":{"@type":"ImageObject","inLanguage":"en-US","@id":"https:\/\/unreal-visual.com\/en\/#\/schema\/logo\/image\/","url":"https:\/\/unreal-visual.com\/wp-content\/uploads\/2023\/12\/UNREAL_03.jpg","contentUrl":"https:\/\/unreal-visual.com\/wp-content\/uploads\/2023\/12\/UNREAL_03.jpg","width":1000,"height":1000,"caption":"Unreal Visual"},"image":{"@id":"https:\/\/unreal-visual.com\/en\/#\/schema\/logo\/image\/"},"sameAs":["https:\/\/www.facebook.com\/unrealvisual\/","https:\/\/instagram.com\/unreal_visual\/","https:\/\/www.linkedin.com\/company\/unreal-visual-s-r-o"]}]}},"_links":{"self":[{"href":"https:\/\/unreal-visual.com\/en\/wp-json\/wp\/v2\/pages\/85228","targetHints":{"allow":["GET"]}}],"collection":[{"href":"https:\/\/unreal-visual.com\/en\/wp-json\/wp\/v2\/pages"}],"about":[{"href":"https:\/\/unreal-visual.com\/en\/wp-json\/wp\/v2\/types\/page"}],"author":[{"embeddable":true,"href":"https:\/\/unreal-visual.com\/en\/wp-json\/wp\/v2\/users\/1"}],"replies":[{"embeddable":true,"href":"https:\/\/unreal-visual.com\/en\/wp-json\/wp\/v2\/comments?post=85228"}],"version-history":[{"count":10,"href":"https:\/\/unreal-visual.com\/en\/wp-json\/wp\/v2\/pages\/85228\/revisions"}],"predecessor-version":[{"id":132019,"href":"https:\/\/unreal-visual.com\/en\/wp-json\/wp\/v2\/pages\/85228\/revisions\/132019"}],"wp:featuredmedia":[{"embeddable":true,"href":"https:\/\/unreal-visual.com\/en\/wp-json\/wp\/v2\/media\/84904"}],"wp:attachment":[{"href":"https:\/\/unreal-visual.com\/en\/wp-json\/wp\/v2\/media?parent=85228"}],"curies":[{"name":"wp","href":"https:\/\/api.w.org\/{rel}","templated":true}]}}