{"id":132544,"date":"2025-06-30T10:11:44","date_gmt":"2025-06-30T08:11:44","guid":{"rendered":"https:\/\/unreal-visual.com\/directors\/kilian-vratnik\/"},"modified":"2025-06-30T13:37:40","modified_gmt":"2025-06-30T11:37:40","slug":"kilian-vratnik","status":"publish","type":"page","link":"https:\/\/unreal-visual.com\/en\/directors\/kilian-vratnik\/","title":{"rendered":"Kili\u00e1n Vr\u00e1tn\u00edk"},"content":{"rendered":"<div class=\"wpb-content-wrapper\"><p>[vc_row row_height_percent=&#8221;100&#8243; back_color=&#8221;color-jevc&#8221; back_image=&#8221;132501&#8243; back_position=&#8221;center top&#8221; parallax=&#8221;yes&#8221; overlay_color=&#8221;color-wayh&#8221; overlay_alpha=&#8221;60&#8243; gutter_size=&#8221;3&#8243; column_width_percent=&#8221;100&#8243; shift_y=&#8221;0&#8243; z_index=&#8221;0&#8243; bottom_divider=&#8221;gradient&#8221; content_parallax=&#8221;0&#8243; row_name=&#8221;Hello&#8221; uncode_shortcode_id=&#8221;177536&#8243; back_color_type=&#8221;uncode-palette&#8221; overlay_color_type=&#8221;uncode-palette&#8221;][vc_column column_width_percent=&#8221;100&#8243; position_vertical=&#8221;middle&#8221; gutter_size=&#8221;3&#8243; style=&#8221;dark&#8221; overlay_alpha=&#8221;50&#8243; shift_x=&#8221;0&#8243; shift_y=&#8221;0&#8243; shift_y_down=&#8221;0&#8243; z_index=&#8221;0&#8243; medium_width=&#8221;4&#8243; mobile_width=&#8221;0&#8243; css_animation=&#8221;bottom-t-top&#8221; animation_delay=&#8221;200&#8243; width=&#8221;1\/1&#8243;][vc_row_inner limit_content=&#8221;&#8221;][vc_column_inner column_width_percent=&#8221;100&#8243; gutter_size=&#8221;3&#8243; style=&#8221;dark&#8221; overlay_alpha=&#8221;50&#8243; shift_x=&#8221;0&#8243; shift_y=&#8221;0&#8243; shift_y_down=&#8221;0&#8243; z_index=&#8221;0&#8243; medium_width=&#8221;4&#8243; mobile_width=&#8221;0&#8243; width=&#8221;1\/2&#8243;][vc_custom_heading text_color=&#8221;color-xsdn&#8221; text_font=&#8221;font-271139&#8243; text_size=&#8221;fontsize-338686&#8243; text_weight=&#8221;900&#8243; text_height=&#8221;fontheight-179065&#8243; text_space=&#8221;fontspace-781688&#8243; uncode_shortcode_id=&#8221;210941&#8243; text_color_type=&#8221;uncode-palette&#8221;]Kili\u00e1n Vr\u00e1tn\u00edk[\/vc_custom_heading][vc_column_text text_lead=&#8221;yes&#8221; uncode_shortcode_id=&#8221;129917&#8243;]<\/p>\n<p class=\"p1\">With every shot, I look for a story that captivates, surprises, or simply makes the world pause for a moment. I love mixing humor with a fresh perspective on the everyday. <\/p>\n<p class=\"p1\">I work between Prague and California, directing campaigns for brands like McDonald\u2019s and L\u2019Or\u00e9al. In my downtime, you\u2019ll find me and my cat Moris plotting our next film.<\/p>\n<p>[\/vc_column_text][vc_separator sep_color=&#8221;color-xsdn&#8221; el_width=&#8221;90px&#8221; el_height=&#8221;2px&#8221;][\/vc_column_inner][vc_column_inner column_width_percent=&#8221;100&#8243; gutter_size=&#8221;3&#8243; overlay_alpha=&#8221;50&#8243; shift_x=&#8221;0&#8243; shift_y=&#8221;0&#8243; shift_y_down=&#8221;0&#8243; z_index=&#8221;0&#8243; medium_width=&#8221;4&#8243; mobile_visibility=&#8221;yes&#8221; mobile_width=&#8221;0&#8243; width=&#8221;1\/2&#8243;][\/vc_column_inner][\/vc_row_inner][\/vc_column][\/vc_row][vc_row unlock_row_content=&#8221;yes&#8221; row_height_percent=&#8221;0&#8243; override_padding=&#8221;yes&#8221; h_padding=&#8221;0&#8243; top_padding=&#8221;3&#8243; bottom_padding=&#8221;2&#8243; back_color=&#8221;color-wayh&#8221; overlay_alpha=&#8221;100&#8243; gutter_size=&#8221;100&#8243; column_width_percent=&#8221;100&#8243; shift_y=&#8221;0&#8243; z_index=&#8221;0&#8243; style=&#8221;inherited&#8221;][vc_column column_width_percent=&#8221;100&#8243; align_horizontal=&#8221;align_center&#8221; gutter_size=&#8221;3&#8243; expand_height=&#8221;yes&#8221; overlay_alpha=&#8221;50&#8243; shift_x=&#8221;0&#8243; shift_y=&#8221;0&#8243; shift_y_down=&#8221;0&#8243; z_index=&#8221;0&#8243; medium_width=&#8221;0&#8243; mobile_width=&#8221;0&#8243; zoom_width=&#8221;0&#8243; zoom_height=&#8221;0&#8243; width=&#8221;1\/1&#8243; css=&#8221;.vc_custom_1591436218877{padding-top: 50px !important;padding-bottom: 50px !important;}&#8221;][vc_gallery el_id=&#8221;gallery-958453445&#8243; type=&#8221;carousel&#8221; medias=&#8221;132516,132583,132512,132510,132508,132506&#8243; carousel_lg=&#8221;3&#8243; carousel_md=&#8221;3&#8243; carousel_sm=&#8221;1&#8243; thumb_size=&#8221;four-three&#8221; gutter_size=&#8221;4&#8243; media_items=&#8221;media|lightbox|poster,icon,title&#8221; carousel_interval=&#8221;5000&#8243; carousel_navspeed=&#8221;400&#8243; carousel_loop=&#8221;yes&#8221; carousel_nav=&#8221;yes&#8221; carousel_nav_mobile=&#8221;yes&#8221; carousel_dots_mobile=&#8221;yes&#8221; stage_padding=&#8221;0&#8243; single_overlay_opacity=&#8221;50&#8243; single_text_anim_type=&#8221;btt&#8221; single_h_align=&#8221;center&#8221; single_padding=&#8221;2&#8243; single_icon=&#8221;fa fa-play&#8221; single_shadow=&#8221;yes&#8221; shadow_weight=&#8221;sm&#8221; shadow_darker=&#8221;yes&#8221; single_border=&#8221;yes&#8221; single_css_animation=&#8221;bottom-t-top&#8221; single_animation_delay=&#8221;200&#8243; lbox_caption=&#8221;yes&#8221; no_double_tap=&#8221;yes&#8221; carousel_rtl=&#8221;&#8221; single_title_uppercase=&#8221;&#8221; single_title_bold=&#8221;&#8221; single_title_serif=&#8221;&#8221; onclick=&#8221;link_image&#8221; custom_links_target=&#8221;_self&#8221; items=&#8221;eyI4ODY4X2kiOnsic2luZ2xlX3dpZHRoIjoiNCIsInNpbmdsZV9oZWlnaHQiOiI0In0sIjg4NjJfaSI6eyJzaW5nbGVfd2lkdGgiOiI0Iiwic2luZ2xlX2hlaWdodCI6IjQifSwiODg2MF9pIjp7InNpbmdsZV93aWR0aCI6IjQifX0=&#8221; single_half_padding=&#8221;&#8221; single_no_background=&#8221;&#8221; uncode_shortcode_id=&#8221;147921&#8243;][\/vc_column][\/vc_row][vc_row row_height_percent=&#8221;0&#8243; override_padding=&#8221;yes&#8221; h_padding=&#8221;2&#8243; top_padding=&#8221;1&#8243; bottom_padding=&#8221;4&#8243; back_color=&#8221;color-wayh&#8221; overlay_alpha=&#8221;100&#8243; gutter_size=&#8221;3&#8243; column_width_percent=&#8221;100&#8243; border_color=&#8221;color-gyho&#8221; border_style=&#8221;solid&#8221; shift_y=&#8221;0&#8243; z_index=&#8221;0&#8243;][vc_column column_width_percent=&#8221;100&#8243; align_horizontal=&#8221;align_center&#8221; gutter_size=&#8221;3&#8243; style=&#8221;dark&#8221; overlay_alpha=&#8221;100&#8243; shift_x=&#8221;0&#8243; shift_y=&#8221;0&#8243; shift_y_down=&#8221;0&#8243; z_index=&#8221;0&#8243; medium_width=&#8221;0&#8243; mobile_width=&#8221;0&#8243; zoom_width=&#8221;0&#8243; zoom_height=&#8221;0&#8243; width=&#8221;1\/1&#8243;][vc_gallery el_id=&#8221;gallery-85457&#8243; type=&#8221;carousel&#8221; medias=&#8221;132530,132532,132534,132536,132538&#8243; carousel_lg=&#8221;5&#8243; carousel_md=&#8221;5&#8243; carousel_sm=&#8221;5&#8243; gutter_size=&#8221;4&#8243; media_items=&#8221;media|nolink|original,icon&#8221; carousel_interval=&#8221;3000&#8243; carousel_navspeed=&#8221;400&#8243; carousel_dots_mobile=&#8221;yes&#8221; stage_padding=&#8221;0&#8243; single_overlay_opacity=&#8221;50&#8243; single_overlay_anim=&#8221;no&#8221; single_text_anim=&#8221;no&#8221; single_image_anim=&#8221;no&#8221; single_padding=&#8221;2&#8243; single_border=&#8221;yes&#8221; title=&#8221;Clients&#8221; uncode_shortcode_id=&#8221;607479&#8243;][\/vc_column][\/vc_row][vc_row row_height_percent=&#8221;0&#8243; override_padding=&#8221;yes&#8221; h_padding=&#8221;2&#8243; top_padding=&#8221;6&#8243; bottom_padding=&#8221;7&#8243; back_color=&#8221;color-wayh&#8221; overlay_alpha=&#8221;50&#8243; gutter_size=&#8221;4&#8243; column_width_percent=&#8221;100&#8243; shift_y=&#8221;0&#8243; z_index=&#8221;0&#8243; content_parallax=&#8221;0&#8243; uncode_shortcode_id=&#8221;175427&#8243; back_color_type=&#8221;uncode-palette&#8221;][vc_column column_width_percent=&#8221;100&#8243; gutter_size=&#8221;3&#8243; overlay_alpha=&#8221;50&#8243; shift_x=&#8221;0&#8243; shift_y=&#8221;0&#8243; shift_y_down=&#8221;0&#8243; z_index=&#8221;0&#8243; medium_width=&#8221;4&#8243; mobile_width=&#8221;0&#8243; width=&#8221;1\/1&#8243; el_class=&#8221;inverted-device-order&#8221;][vc_row_inner][vc_column_inner width=&#8221;1\/2&#8243;][vc_single_image media=&#8221;131888&#8243; media_width_percent=&#8221;100&#8243; shape=&#8221;img-round&#8221; radius=&#8221;std&#8221; shadow=&#8221;yes&#8221; shadow_weight=&#8221;lg&#8221; shadow_darker=&#8221;yes&#8221; advanced=&#8221;yes&#8221; media_overlay_opacity=&#8221;50&#8243; media_overlay_anim=&#8221;no&#8221; media_text_anim=&#8221;no&#8221; media_image_anim=&#8221;no&#8221; media_padding=&#8221;2&#8243; uncode_shortcode_id=&#8221;140564&#8243;][\/vc_column_inner][vc_column_inner width=&#8221;1\/2&#8243;][vc_custom_heading text_color=&#8221;color-lxmt&#8221; heading_semantic=&#8221;h3&#8243; text_size=&#8221;fontsize-155944&#8243; uncode_shortcode_id=&#8221;225241&#8243; text_color_type=&#8221;uncode-palette&#8221;]Interested in this director?[\/vc_custom_heading][vc_custom_heading text_color=&#8221;color-lxmt&#8221; heading_semantic=&#8221;h3&#8243; text_font=&#8221;font-377884&#8243; text_size=&#8221;h4&#8243; text_weight=&#8221;100&#8243; uncode_shortcode_id=&#8221;197794&#8243; text_color_type=&#8221;uncode-palette&#8221;]Get in touch with Adam, our producer.[\/vc_custom_heading][vc_custom_heading text_color=&#8221;color-lxmt&#8221; heading_semantic=&#8221;h3&#8243; text_font=&#8221;font-377884&#8243; text_weight=&#8221;100&#8243; text_height=&#8221;fontheight-524109&#8243; uncode_shortcode_id=&#8221;765582&#8243; text_color_type=&#8221;uncode-palette&#8221;]<strong>\u202d+420 776 639 276\u202c<\/strong><\/p>\n<p><strong>adam.belik@unreal-visual.com<\/strong>[\/vc_custom_heading][vc_separator sep_color=&#8221;,Default&#8221;][vc_button button_color=&#8221;color-7126753&#8243; hover_fx=&#8221;outlined&#8221; outline=&#8221;yes&#8221; shadow=&#8221;yes&#8221; shadow_weight=&#8221;lg&#8221; border_width=&#8221;0&#8243; link=&#8221;url:https%3A%2F%2Funreal-visual.com%2Fen%2Fdirectors%2F|title:Directors|&#8221; button_color_type=&#8221;uncode-palette&#8221; uncode_shortcode_id=&#8221;540006&#8243;]BACK TO DIRECTORS[\/vc_button][\/vc_column_inner][\/vc_row_inner][\/vc_column][\/vc_row]<\/p>\n<\/div>","protected":false},"excerpt":{"rendered":"<p>[vc_row row_height_percent=&#8221;100&#8243; back_color=&#8221;color-jevc&#8221; back_image=&#8221;132501&#8243; back_position=&#8221;center top&#8221; parallax=&#8221;yes&#8221; overlay_color=&#8221;color-wayh&#8221; overlay_alpha=&#8221;60&#8243; gutter_size=&#8221;3&#8243; column_width_percent=&#8221;100&#8243; shift_y=&#8221;0&#8243; z_index=&#8221;0&#8243; bottom_divider=&#8221;gradient&#8221; content_parallax=&#8221;0&#8243; row_name=&#8221;Hello&#8221; uncode_shortcode_id=&#8221;177536&#8243; back_color_type=&#8221;uncode-palette&#8221; overlay_color_type=&#8221;uncode-palette&#8221;][vc_column column_width_percent=&#8221;100&#8243; [&hellip;]<\/p>\n","protected":false},"author":1,"featured_media":132500,"parent":85253,"menu_order":0,"comment_status":"closed","ping_status":"closed","template":"","meta":{"footnotes":""},"class_list":["post-132544","page","type-page","status-publish","has-post-thumbnail","hentry"],"yoast_head":"<!-- This site is optimized with the Yoast SEO Premium plugin v22.9 (Yoast SEO v27.4) - https:\/\/yoast.com\/product\/yoast-seo-premium-wordpress\/ -->\n<title>Kili\u00e1n Vr\u00e1tn\u00edk | Unreal Visual: Video Production Company | Prague, Czechia<\/title>\n<meta name=\"description\" content=\"A director working between Prague and California. Creates campaigns for brands like McDonald\u2019s and L\u2019Or\u00e9al. Tells stories that grab attention and stop the scroll.\" \/>\n<meta name=\"robots\" content=\"index, follow, max-snippet:-1, max-image-preview:large, max-video-preview:-1\" \/>\n<link rel=\"canonical\" href=\"https:\/\/unreal-visual.com\/en\/directors\/kilian-vratnik\/\" \/>\n<meta property=\"og:locale\" content=\"en_US\" \/>\n<meta property=\"og:type\" content=\"article\" \/>\n<meta property=\"og:title\" content=\"Kili\u00e1n Vr\u00e1tn\u00edk | Unreal Visual: Video Production Company | Prague, Czechia\" \/>\n<meta property=\"og:description\" content=\"A director working between Prague and California. Creates campaigns for brands like McDonald\u2019s and L\u2019Or\u00e9al. Tells stories that grab attention and stop the scroll.\" \/>\n<meta property=\"og:url\" content=\"https:\/\/unreal-visual.com\/en\/directors\/kilian-vratnik\/\" \/>\n<meta property=\"og:site_name\" content=\"Unreal Visual\" \/>\n<meta property=\"article:publisher\" content=\"https:\/\/www.facebook.com\/unrealvisual\/\" \/>\n<meta property=\"article:modified_time\" content=\"2025-06-30T11:37:40+00:00\" \/>\n<meta property=\"og:image\" content=\"https:\/\/unreal-visual.com\/wp-content\/uploads\/2025\/06\/Kilian.webp\" \/>\n\t<meta property=\"og:image:width\" content=\"2048\" \/>\n\t<meta property=\"og:image:height\" content=\"1365\" \/>\n\t<meta property=\"og:image:type\" content=\"image\/webp\" \/>\n<meta name=\"twitter:card\" content=\"summary_large_image\" \/>\n<meta name=\"twitter:title\" content=\"Kili\u00e1n Vr\u00e1tn\u00edk | Unreal Visual: Video Production Company | Prague, Czechia\" \/>\n<meta name=\"twitter:description\" content=\"A director working between Prague and California. Creates campaigns for brands like McDonald\u2019s and L\u2019Or\u00e9al. Tells stories that grab attention and stop the scroll.\" \/>\n<meta name=\"twitter:label1\" content=\"Est. reading time\" \/>\n\t<meta name=\"twitter:data1\" content=\"4 minutes\" \/>\n<script type=\"application\/ld+json\" class=\"yoast-schema-graph\">{\"@context\":\"https:\\\/\\\/schema.org\",\"@graph\":[{\"@type\":\"WebPage\",\"@id\":\"https:\\\/\\\/unreal-visual.com\\\/en\\\/directors\\\/kilian-vratnik\\\/\",\"url\":\"https:\\\/\\\/unreal-visual.com\\\/en\\\/directors\\\/kilian-vratnik\\\/\",\"name\":\"Kili\u00e1n Vr\u00e1tn\u00edk | Unreal Visual: Video Production Company | Prague, Czechia\",\"isPartOf\":{\"@id\":\"https:\\\/\\\/unreal-visual.com\\\/en\\\/#website\"},\"primaryImageOfPage\":{\"@id\":\"https:\\\/\\\/unreal-visual.com\\\/en\\\/directors\\\/kilian-vratnik\\\/#primaryimage\"},\"image\":{\"@id\":\"https:\\\/\\\/unreal-visual.com\\\/en\\\/directors\\\/kilian-vratnik\\\/#primaryimage\"},\"thumbnailUrl\":\"https:\\\/\\\/unreal-visual.com\\\/wp-content\\\/uploads\\\/2025\\\/06\\\/Kilian.webp\",\"datePublished\":\"2025-06-30T08:11:44+00:00\",\"dateModified\":\"2025-06-30T11:37:40+00:00\",\"description\":\"A director working between Prague and California. Creates campaigns for brands like McDonald\u2019s and L\u2019Or\u00e9al. Tells stories that grab attention and stop the scroll.\",\"breadcrumb\":{\"@id\":\"https:\\\/\\\/unreal-visual.com\\\/en\\\/directors\\\/kilian-vratnik\\\/#breadcrumb\"},\"inLanguage\":\"en-US\",\"potentialAction\":[{\"@type\":\"ReadAction\",\"target\":[\"https:\\\/\\\/unreal-visual.com\\\/en\\\/directors\\\/kilian-vratnik\\\/\"]}]},{\"@type\":\"ImageObject\",\"inLanguage\":\"en-US\",\"@id\":\"https:\\\/\\\/unreal-visual.com\\\/en\\\/directors\\\/kilian-vratnik\\\/#primaryimage\",\"url\":\"https:\\\/\\\/unreal-visual.com\\\/wp-content\\\/uploads\\\/2025\\\/06\\\/Kilian.webp\",\"contentUrl\":\"https:\\\/\\\/unreal-visual.com\\\/wp-content\\\/uploads\\\/2025\\\/06\\\/Kilian.webp\",\"width\":2048,\"height\":1365},{\"@type\":\"BreadcrumbList\",\"@id\":\"https:\\\/\\\/unreal-visual.com\\\/en\\\/directors\\\/kilian-vratnik\\\/#breadcrumb\",\"itemListElement\":[{\"@type\":\"ListItem\",\"position\":1,\"name\":\"Dom\u016f\",\"item\":\"https:\\\/\\\/unreal-visual.com\\\/en\\\/home\\\/\"},{\"@type\":\"ListItem\",\"position\":2,\"name\":\"Directors\",\"item\":\"https:\\\/\\\/unreal-visual.com\\\/en\\\/directors\\\/\"},{\"@type\":\"ListItem\",\"position\":3,\"name\":\"Kili\u00e1n Vr\u00e1tn\u00edk\"}]},{\"@type\":\"WebSite\",\"@id\":\"https:\\\/\\\/unreal-visual.com\\\/en\\\/#website\",\"url\":\"https:\\\/\\\/unreal-visual.com\\\/en\\\/\",\"name\":\"Unreal Visual: Videoprodukce | Praha, \u010cesko\",\"description\":\"Videoprodukce\",\"publisher\":{\"@id\":\"https:\\\/\\\/unreal-visual.com\\\/en\\\/#organization\"},\"alternateName\":\"Unreal Visual. Videoproduction\",\"potentialAction\":[{\"@type\":\"SearchAction\",\"target\":{\"@type\":\"EntryPoint\",\"urlTemplate\":\"https:\\\/\\\/unreal-visual.com\\\/en\\\/?s={search_term_string}\"},\"query-input\":{\"@type\":\"PropertyValueSpecification\",\"valueRequired\":true,\"valueName\":\"search_term_string\"}}],\"inLanguage\":\"en-US\"},{\"@type\":\"Organization\",\"@id\":\"https:\\\/\\\/unreal-visual.com\\\/en\\\/#organization\",\"name\":\"Unreal Visual\",\"url\":\"https:\\\/\\\/unreal-visual.com\\\/en\\\/\",\"logo\":{\"@type\":\"ImageObject\",\"inLanguage\":\"en-US\",\"@id\":\"https:\\\/\\\/unreal-visual.com\\\/en\\\/#\\\/schema\\\/logo\\\/image\\\/\",\"url\":\"https:\\\/\\\/unreal-visual.com\\\/wp-content\\\/uploads\\\/2023\\\/12\\\/UNREAL_03.jpg\",\"contentUrl\":\"https:\\\/\\\/unreal-visual.com\\\/wp-content\\\/uploads\\\/2023\\\/12\\\/UNREAL_03.jpg\",\"width\":1000,\"height\":1000,\"caption\":\"Unreal Visual\"},\"image\":{\"@id\":\"https:\\\/\\\/unreal-visual.com\\\/en\\\/#\\\/schema\\\/logo\\\/image\\\/\"},\"sameAs\":[\"https:\\\/\\\/www.facebook.com\\\/unrealvisual\\\/\",\"https:\\\/\\\/instagram.com\\\/unreal_visual\\\/\",\"https:\\\/\\\/www.linkedin.com\\\/company\\\/unreal-visual-s-r-o\"]}]}<\/script>\n<!-- \/ Yoast SEO Premium plugin. -->","yoast_head_json":{"title":"Kili\u00e1n Vr\u00e1tn\u00edk | Unreal Visual: Video Production Company | Prague, Czechia","description":"A director working between Prague and California. Creates campaigns for brands like McDonald\u2019s and L\u2019Or\u00e9al. Tells stories that grab attention and stop the scroll.","robots":{"index":"index","follow":"follow","max-snippet":"max-snippet:-1","max-image-preview":"max-image-preview:large","max-video-preview":"max-video-preview:-1"},"canonical":"https:\/\/unreal-visual.com\/en\/directors\/kilian-vratnik\/","og_locale":"en_US","og_type":"article","og_title":"Kili\u00e1n Vr\u00e1tn\u00edk | Unreal Visual: Video Production Company | Prague, Czechia","og_description":"A director working between Prague and California. Creates campaigns for brands like McDonald\u2019s and L\u2019Or\u00e9al. Tells stories that grab attention and stop the scroll.","og_url":"https:\/\/unreal-visual.com\/en\/directors\/kilian-vratnik\/","og_site_name":"Unreal Visual","article_publisher":"https:\/\/www.facebook.com\/unrealvisual\/","article_modified_time":"2025-06-30T11:37:40+00:00","og_image":[{"width":2048,"height":1365,"url":"https:\/\/unreal-visual.com\/wp-content\/uploads\/2025\/06\/Kilian.webp","type":"image\/webp"}],"twitter_card":"summary_large_image","twitter_title":"Kili\u00e1n Vr\u00e1tn\u00edk | Unreal Visual: Video Production Company | Prague, Czechia","twitter_description":"A director working between Prague and California. Creates campaigns for brands like McDonald\u2019s and L\u2019Or\u00e9al. Tells stories that grab attention and stop the scroll.","twitter_misc":{"Est. reading time":"4 minutes"},"schema":{"@context":"https:\/\/schema.org","@graph":[{"@type":"WebPage","@id":"https:\/\/unreal-visual.com\/en\/directors\/kilian-vratnik\/","url":"https:\/\/unreal-visual.com\/en\/directors\/kilian-vratnik\/","name":"Kili\u00e1n Vr\u00e1tn\u00edk | Unreal Visual: Video Production Company | Prague, Czechia","isPartOf":{"@id":"https:\/\/unreal-visual.com\/en\/#website"},"primaryImageOfPage":{"@id":"https:\/\/unreal-visual.com\/en\/directors\/kilian-vratnik\/#primaryimage"},"image":{"@id":"https:\/\/unreal-visual.com\/en\/directors\/kilian-vratnik\/#primaryimage"},"thumbnailUrl":"https:\/\/unreal-visual.com\/wp-content\/uploads\/2025\/06\/Kilian.webp","datePublished":"2025-06-30T08:11:44+00:00","dateModified":"2025-06-30T11:37:40+00:00","description":"A director working between Prague and California. Creates campaigns for brands like McDonald\u2019s and L\u2019Or\u00e9al. Tells stories that grab attention and stop the scroll.","breadcrumb":{"@id":"https:\/\/unreal-visual.com\/en\/directors\/kilian-vratnik\/#breadcrumb"},"inLanguage":"en-US","potentialAction":[{"@type":"ReadAction","target":["https:\/\/unreal-visual.com\/en\/directors\/kilian-vratnik\/"]}]},{"@type":"ImageObject","inLanguage":"en-US","@id":"https:\/\/unreal-visual.com\/en\/directors\/kilian-vratnik\/#primaryimage","url":"https:\/\/unreal-visual.com\/wp-content\/uploads\/2025\/06\/Kilian.webp","contentUrl":"https:\/\/unreal-visual.com\/wp-content\/uploads\/2025\/06\/Kilian.webp","width":2048,"height":1365},{"@type":"BreadcrumbList","@id":"https:\/\/unreal-visual.com\/en\/directors\/kilian-vratnik\/#breadcrumb","itemListElement":[{"@type":"ListItem","position":1,"name":"Dom\u016f","item":"https:\/\/unreal-visual.com\/en\/home\/"},{"@type":"ListItem","position":2,"name":"Directors","item":"https:\/\/unreal-visual.com\/en\/directors\/"},{"@type":"ListItem","position":3,"name":"Kili\u00e1n Vr\u00e1tn\u00edk"}]},{"@type":"WebSite","@id":"https:\/\/unreal-visual.com\/en\/#website","url":"https:\/\/unreal-visual.com\/en\/","name":"Unreal Visual: Videoprodukce | Praha, \u010cesko","description":"Videoprodukce","publisher":{"@id":"https:\/\/unreal-visual.com\/en\/#organization"},"alternateName":"Unreal Visual. Videoproduction","potentialAction":[{"@type":"SearchAction","target":{"@type":"EntryPoint","urlTemplate":"https:\/\/unreal-visual.com\/en\/?s={search_term_string}"},"query-input":{"@type":"PropertyValueSpecification","valueRequired":true,"valueName":"search_term_string"}}],"inLanguage":"en-US"},{"@type":"Organization","@id":"https:\/\/unreal-visual.com\/en\/#organization","name":"Unreal Visual","url":"https:\/\/unreal-visual.com\/en\/","logo":{"@type":"ImageObject","inLanguage":"en-US","@id":"https:\/\/unreal-visual.com\/en\/#\/schema\/logo\/image\/","url":"https:\/\/unreal-visual.com\/wp-content\/uploads\/2023\/12\/UNREAL_03.jpg","contentUrl":"https:\/\/unreal-visual.com\/wp-content\/uploads\/2023\/12\/UNREAL_03.jpg","width":1000,"height":1000,"caption":"Unreal Visual"},"image":{"@id":"https:\/\/unreal-visual.com\/en\/#\/schema\/logo\/image\/"},"sameAs":["https:\/\/www.facebook.com\/unrealvisual\/","https:\/\/instagram.com\/unreal_visual\/","https:\/\/www.linkedin.com\/company\/unreal-visual-s-r-o"]}]}},"_links":{"self":[{"href":"https:\/\/unreal-visual.com\/en\/wp-json\/wp\/v2\/pages\/132544","targetHints":{"allow":["GET"]}}],"collection":[{"href":"https:\/\/unreal-visual.com\/en\/wp-json\/wp\/v2\/pages"}],"about":[{"href":"https:\/\/unreal-visual.com\/en\/wp-json\/wp\/v2\/types\/page"}],"author":[{"embeddable":true,"href":"https:\/\/unreal-visual.com\/en\/wp-json\/wp\/v2\/users\/1"}],"replies":[{"embeddable":true,"href":"https:\/\/unreal-visual.com\/en\/wp-json\/wp\/v2\/comments?post=132544"}],"version-history":[{"count":6,"href":"https:\/\/unreal-visual.com\/en\/wp-json\/wp\/v2\/pages\/132544\/revisions"}],"predecessor-version":[{"id":132597,"href":"https:\/\/unreal-visual.com\/en\/wp-json\/wp\/v2\/pages\/132544\/revisions\/132597"}],"up":[{"embeddable":true,"href":"https:\/\/unreal-visual.com\/en\/wp-json\/wp\/v2\/pages\/85253"}],"wp:featuredmedia":[{"embeddable":true,"href":"https:\/\/unreal-visual.com\/en\/wp-json\/wp\/v2\/media\/132500"}],"wp:attachment":[{"href":"https:\/\/unreal-visual.com\/en\/wp-json\/wp\/v2\/media?parent=132544"}],"curies":[{"name":"wp","href":"https:\/\/api.w.org\/{rel}","templated":true}]}}